{"id":14,"date":"2016-10-31T14:45:12","date_gmt":"2016-10-31T14:45:12","guid":{"rendered":"https:\/\/maxiseguros.pt\/?page_id=14"},"modified":"2023-07-20T06:25:01","modified_gmt":"2023-07-20T06:25:01","slug":"contacts","status":"publish","type":"page","link":"https:\/\/maxiseguros.pt\/index.php\/contacts\/","title":{"rendered":"Contactos"},"content":{"rendered":"<section class=\"wpb-content-wrapper\"><p>[vc_row][vc_column][vc_empty_space height=&#8221;6.2857em&#8221; alter_height=&#8221;none&#8221; hide_on_mobile=&#8221;&#8221;][\/vc_column][\/vc_row][vc_row equal_height=&#8221;yes&#8221;][vc_column width=&#8221;1\/2&#8243;]<div id=\"sc_title_666805767\"\n\t\tclass=\"sc_title_align_default sc_title sc_title_default\"><h6 class=\"sc_item_subtitle sc_title_subtitle sc_align_default sc_item_title_style_default\">Todas as Informa\u00e7\u00f5es<\/h6><h3 class=\"sc_item_title sc_title_title sc_align_default sc_item_title_style_default\">Entre em Contacto<\/h3><\/div><!-- \/.sc_title --><div id=\"widget_contacts_2035667798\" class=\"widget_area sc_widget_contacts vc_widget_contacts wpb_content_element\"><aside id=\"widget_contacts_2035667798_widget\" class=\"widget widget_contacts\"><div class=\"contacts_wrap\"><div class=\"contacts_description\"><p>In\u00fameras campanhas feitas a pensar em si, onde encontrar\u00e1 a melhor rela\u00e7\u00e3o Qualidade\/Produtos\/Servi\u00e7os e Pre\u00e7o. A Maxiseguros uma media\u00e7\u00e3o de confian\u00e7a que coloca os seus assuntos em primeiro lugar.<\/p>\n<\/div><div class=\"contacts_info\"><div class=\"contacts_left\"><span class=\"contacts_address\">Av. Eng\u00ba Adelino Amaro da Costa, 1480<\/span><\/div><div class=\"contacts_right\"><span class=\"contacts_phone\">Phone: <a href=\"tel:227 637 110 (chamada para rede fixa nacional)\">227 637 110 (chamada para rede fixa nacional)<\/a><\/span><span class=\"contacts_email\">Email: <a href=\"mailto:geral@maxiseguros.pt\">geral@maxiseguros.pt<\/a><\/span><\/div><\/div><div class=\"contacts_content\">[vc_column_text]<i class=\"fa fa-clock-o\" style=\"color: #95d343; margin-right: 9px;\" aria-hidden=\"true\"><\/i>Segunda &#8211; Sexta: 9:00-13:00 \/ 14:30-18:30[\/vc_column_text]<\/div><\/div><!-- \/.contacts_wrap --><\/aside><\/div>[vc_empty_space height=&#8221;2em&#8221; alter_height=&#8221;none&#8221; hide_on_mobile=&#8221;&#8221;][vc_empty_space height=&#8221;4.2857em&#8221; alter_height=&#8221;none&#8221; hide_on_mobile=&#8221;1&#8243;][\/vc_column][vc_column width=&#8221;1\/2&#8243;][vc_single_image image=&#8221;860&#8243; img_size=&#8221;full&#8221; alignment=&#8221;right&#8221;][vc_empty_space height=&#8221;6.2857em&#8221; alter_height=&#8221;none&#8221; hide_on_mobile=&#8221;&#8221;][\/vc_column][\/vc_row][vc_row full_width=&#8221;stretch_row_content_no_spaces&#8221; equal_height=&#8221;yes&#8221; content_placement=&#8221;middle&#8221; scheme=&#8221;light&#8221; css=&#8221;.vc_custom_1483632892238{background-color: #f5f6f7 !important;}&#8221;][vc_column offset=&#8221;vc_col-lg-6 vc_col-md-6 vc_col-xs-12&#8243;]<div id=\"sc_googlemap_375402792_wrap\" class=\"sc_googlemap_wrap\"><div id=\"sc_googlemap_375402792\"\n\t\t\tclass=\"sc_googlemap sc_googlemap_default\"\n\t\t\t style=\"width:100%;height:776px;\"\t\t\tdata-zoom=\"17\"\n\t\t\tdata-style=\"default\"\n\t\t\t><iframe\n                src=\"https:\/\/maps.google.com\/maps?t=m&output=embed&iwloc=near&z=17&q=Maxi+Seguros@41.0629789,-8.5281367\"\n                scrolling=\"no\"\n                marginheight=\"0\"\n                marginwidth=\"0\"\n                frameborder=\"0\"\n                aria-label=\"\"><\/iframe><\/div><\/div><!-- \/.sc_googlemap_wrap -->[\/vc_column][vc_column scheme=&#8221;default&#8221; css=&#8221;.vc_custom_1484645490851{padding-right: 12.5% !important;padding-left: 12.5% !important;}&#8221; offset=&#8221;vc_col-lg-6 vc_col-md-6 vc_col-xs-12&#8243;][vc_empty_space height=&#8221;2em&#8221; alter_height=&#8221;none&#8221; hide_on_mobile=&#8221;1&#8243;][vc_empty_space height=&#8221;3em&#8221; alter_height=&#8221;none&#8221; hide_on_mobile=&#8221;&#8221;][vc_column_text]<\/p>\n<h2 class=\"sc_item_title sc_form_title sc_align_left sc_item_title_style_default\">Envie Mensagem<\/h2>\n<div class=\"sc_item_descr sc_form_descr sc_align_left\">Temos o melhor pre\u00e7o\/qualidade para lhe oferecer, seremos o mais breve poss\u00edvel no tempo de resposta.<\/div>\n<p>[\/vc_column_text][vc_empty_space height=&#8221;1em&#8221; alter_height=&#8221;none&#8221; hide_on_mobile=&#8221;&#8221;][vc_column_text]<style type=\"text\/css\">.super-form:not(.super-initialized) *:not(.super-load-icon) { visibility: hidden !important; }<\/style><div id=\"super-form-1736\" style=\"margin:0px 0px 0px 0px;\" class=\"super-form super-form-1736  super-default-squared super-field-size-medium super-transparent-fields super-adaptive\" data-hide=\"true\" data-overlay=\"true\" data-field-size=\"medium\"><span class=\"super-load-icon\"><\/span><form tabindex=\"0\" autocomplete=\"on\" enctype=\"multipart\/form-data\"><input type=\"hidden\" name=\"sf_nonce\" value=\"\" \/><input type=\"text\" name=\"super_hp\" size=\"25\" value=\"\" \/><div class=\"super-shortcode super-field super-hidden\"><input class=\"super-shortcode-field\" type=\"hidden\" value=\"1736\" name=\"hidden_form_id\" \/><\/div><div class=\"super-grid super-shortcode\"><div class=\"super-shortcode super_one_half super-column grid-level-0 column-number-1 first-column \"><div class=\"super-shortcode super-field super-text   super-ungrouped  \"><div class=\"super-field-wrapper \"><input tabindex=\"-1\" class=\"super-shortcode-field\" type=\"text\" name=\"name\" data-oname=\"name\" data-message=\"Campo Inv\u00e1lido\" data-validation=\"empty\" data-email=\"Nome:\" data-exclude=\"0\" data-absolute-default=\"\" data-default-value=\"\" \/><span class=\"super-adaptive-placeholder\" data-placeholder=\"Nome\" data-placeholderFilled=\"Nome\"><span>Nome<\/span><\/span><\/div><div class=\"super-error-msg\">Campo Inv\u00e1lido<\/div><div class=\"super-empty-error-msg\">Campo Inv\u00e1lido<\/div><\/div><div class=\"super-shortcode super-field super-text   super-ungrouped  \"><div class=\"super-field-wrapper \"><input tabindex=\"-1\" class=\"super-shortcode-field\" type=\"text\" name=\"name_1\" data-oname=\"name_1\" data-message=\"Campo Inv\u00e1lido\" data-validation=\"empty\" data-email=\"Contacto:\" data-exclude=\"0\" data-absolute-default=\"\" data-default-value=\"\" \/><span class=\"super-adaptive-placeholder\" data-placeholder=\"Contacto\" data-placeholderFilled=\"Contacto\"><span>Contacto<\/span><\/span><\/div><div class=\"super-error-msg\">Campo Inv\u00e1lido<\/div><div class=\"super-empty-error-msg\">Campo Inv\u00e1lido<\/div><\/div><\/div><div class=\"super-shortcode super_one_half super-column grid-level-0 column-number-2  \"><div class=\"super-shortcode super-field super-text   super-ungrouped  \"><div class=\"super-field-wrapper \"><input tabindex=\"-1\" class=\"super-shortcode-field\" type=\"email\" name=\"email\" data-oname=\"email\" data-message=\"Campo Inv\u00e1lido\" data-validation=\"empty\" data-email=\"E-mail:\" data-exclude=\"0\" data-absolute-default=\"\" data-default-value=\"\" \/><span class=\"super-adaptive-placeholder\" data-placeholder=\"E-mail\" data-placeholderFilled=\"E-mail\"><span>E-mail<\/span><\/span><\/div><div class=\"super-error-msg\">Campo Inv\u00e1lido<\/div><div class=\"super-empty-error-msg\">Campo Inv\u00e1lido<\/div><\/div><div class=\"super-shortcode super-field super-text   super-ungrouped  \"><div class=\"super-field-wrapper \"><input tabindex=\"-1\" class=\"super-shortcode-field\" type=\"text\" name=\"name_2\" data-oname=\"name_2\" data-message=\"Campo Inv\u00e1lido\" data-validation=\"empty\" data-email=\"Assunto:\" data-exclude=\"0\" data-absolute-default=\"\" data-default-value=\"\" \/><span class=\"super-adaptive-placeholder\" data-placeholder=\"Assunto\" data-placeholderFilled=\"Assunto\"><span>Assunto<\/span><\/span><\/div><div class=\"super-error-msg\">Campo Inv\u00e1lido<\/div><div class=\"super-empty-error-msg\">Campo Inv\u00e1lido<\/div><\/div><\/div><\/div><div class=\"super-shortcode super-field super-textarea   super-ungrouped  \"><div class=\"super-field-wrapper \"><textarea tabindex=\"-1\" class=\"super-shortcode-field\" name=\"question\" data-oname=\"question\" data-message=\"Campo Inv\u00e1lido\" data-validation=\"empty\" data-email=\"Mensagem:\" data-exclude=\"0\" data-absolute-default=\"\" data-default-value=\"\" ><\/textarea><span class=\"super-adaptive-placeholder\" data-placeholder=\"Mensagem\" data-placeholderFilled=\"Mensagem\"><span>Mensagem<\/span><\/span><\/div><div class=\"super-error-msg\">Campo Inv\u00e1lido<\/div><div class=\"super-empty-error-msg\">Campo Inv\u00e1lido<\/div><\/div><div data-color=\"#2c3459\" data-light=\"#40486d\" data-dark=\"#0e163b\" data-hover-color=\"#95d343\" data-hover-light=\"#a9e757\" data-hover-dark=\"#77b525\" data-font=\"#ffffff\" data-font-hover=\"#ffffff\" data-radius=\"square\" data-type=\"flat\" class=\"super-extra-shortcode super-shortcode super-field super-button super-clear-none super-form-button super-radius-square super-type-flat super-button-big super-button-align-left super-button-width-auto\"><div data-href=\"\" class=\"super-button-wrap no_link\"><div class=\"super-button-name\" data-action=\"submit\" data-normal=\"ENVIAR MENSAGEM\" data-loading=\"A Enviar...\">ENVIAR MENSAGEM<\/div><span class=\"super-after\"><\/span><\/div><\/div><\/form><\/div>[\/vc_column_text][vc_column_text]Respeitamos a sua privacidade e s\u00f3 usaremos os seus dados para administrar a sua conta e fornecer apenas os conte\u00fados que solicitar. Ao clicar no bot\u00e3o\u00a0<strong>ENVIAR MENSAGEM<\/strong>, est\u00e1 a concordar em manter o contacto connosco para essa finalidade.[\/vc_column_text][vc_empty_space height=&#8221;3.1429em&#8221; alter_height=&#8221;none&#8221; hide_on_mobile=&#8221;&#8221;][vc_empty_space height=&#8221;2em&#8221; alter_height=&#8221;none&#8221; hide_on_mobile=&#8221;1&#8243;][\/vc_column][\/vc_row][vc_row][vc_column][vc_empty_space height=&#8221;6.5714em&#8221; alter_height=&#8221;none&#8221; hide_on_mobile=&#8221;&#8221;][vc_column_text]<strong>Pol\u00edtica de Privacidade:<\/strong><br \/>\n\u2022 Os dados pessoais preenchidos nos formul\u00e1rios de contactos ou outros formul\u00e1rios do website, servem apenas para responder \u00e0 solicita\u00e7\u00e3o do cliente e apenas isso, n\u00e3o sendo usados para qualquer bases de dados ou outros fins.<\/p>\n<p><strong>Pol\u00edtica de Protec\u00e7\u00e3o de Dados:<\/strong><br \/>\n\u2022 Para a nossa empresa a protec\u00e7\u00e3o dos dados dos clientes \u00e9 fundamental, concordando totalmente com a nova Lei Europeia e outras que vir\u00e3o, neste sentido fizemos um investimento onde instalamos um certificado SSL com IP dedicado que encripta qualquer informa\u00e7\u00e3o colocada no website, pode reparar que o nosso site tem a indica\u00e7\u00e3o de\u00a0<span style=\"color: #339966;\">Liga\u00e7\u00e3o segura<\/span>.<\/p>\n<p><strong>Politica de Cookies:<\/strong><br \/>\n\u2022 Os cookies usados no website, s\u00e3o apenas Cookies Essenciais, estes cookies s\u00e3o essenciais para aceder \u00e0s p\u00e1ginas do site e permitem apenas a navega\u00e7\u00e3o no site, n\u00e3o fazendo recolha de quaisquer dados dos utilizadores ou de navega\u00e7\u00e3o.[\/vc_column_text][\/vc_column][\/vc_row][vc_row css_animation=&#8221;slideInUp&#8221;][vc_column][vc_empty_space height=&#8221;6.5714em&#8221; alter_height=&#8221;none&#8221; hide_on_mobile=&#8221;&#8221;][vc_raw_html]JTNDZGl2JTIwY2xhc3MlM0QlMjJzY19ibG9nZ2VyJTIwc2NfYmxvZ2dlcl9jbGFzc2ljJTIyJTIwZGF0YS1zbGlkZXMtcGVyLXZpZXclM0QlMjIzJTIyJTIwZGF0YS1zbGlkZXMtbWluLXdpZHRoJTNEJTIyMTUwJTIyJTNFJTBBJTA5JTA5JTNDaDIlMjBjbGFzcyUzRCUyMnNjX2l0ZW1fdGl0bGUlMjBzY19ibG9nZ2VyX3RpdGxlJTIwc2NfYWxpZ25fY2VudGVyJTIwc2NfaXRlbV90aXRsZV9zdHlsZV9kZWZhdWx0JTIyJTNFRW0lMjBEZXN0YXF1ZSUzQyUyRmgyJTNFJTNDZGl2JTIwY2xhc3MlM0QlMjJzY19pdGVtX2Rlc2NyJTIwc2NfYmxvZ2dlcl9kZXNjciUyMHNjX2FsaWduX2NlbnRlciUyMiUzRUFzJTIwbWFpcyUyMHJlY2VudGVzJTIwbm92aWRhZGVzJTJDJTIwcGFyYSUyMHF1ZSUyMG51bmNhJTIwcGVyY2ElMjBhJTIwb3BvcnR1bmlkYWRlJTIwZGUlMjBjb250aW51YXIlMjBhJTIwcG91cGFyJTJDJTIwc2VtJTIwcGVyZGVyJTIwYSUyMHNlZ3VyYW4lQzMlQTdhJTIwbSVDMyVBMXhpbWElMjBkbyUyMHNldSUyMHNlZ3VybyUyMSUzQyUyRmRpdiUzRSUzQ2RpdiUyMGNsYXNzJTNEJTIyc2NfYmxvZ2dlcl9jb2x1bW5zJTIwc2NfaXRlbV9jb2x1bW5zJTIwdHJ4X2FkZG9uc19jb2x1bW5zX3dyYXAlMjBjb2x1bW5zX3BhZGRpbmdfYm90dG9tJTIyJTNFJTNDZGl2JTIwY2xhc3MlM0QlMjJ0cnhfYWRkb25zX2NvbHVtbi0xXzMlMjIlM0UlM0NkaXYlMjBpZCUzRCUyMnBvc3QtMTk0JTIyJTIwY2xhc3MlM0QlMjJzY19ibG9nZ2VyX2l0ZW0lMjBwb3N0X2Zvcm1hdF9zdGFuZGFyZCUyMHBvc3QtMTk0JTIwcG9zdCUyMHR5cGUtcG9zdCUyMHN0YXR1cy1wdWJsaXNoJTIwZm9ybWF0LXN0YW5kYXJkJTIwaGFzLXBvc3QtdGh1bWJuYWlsJTIwaGVudHJ5JTIwY2F0ZWdvcnktb3VyLXByb2plY3RzJTIwdGFnLWZpbmFuY2UlMjB0YWctdHJhdmVsJTIyJTNFJTNDZGl2JTIwY2xhc3MlM0QlMjJwb3N0X2ZlYXR1cmVkJTIwd2l0aF90aHVtYiUyMGhvdmVyX2RvdHMlMjBzY19ibG9nZ2VyX2l0ZW1fZmVhdHVyZWQlMjIlM0UlM0NpbWclMjB3aWR0aCUzRCUyMjM3MCUyMiUyMGhlaWdodCUzRCUyMjI3MCUyMiUyMHNyYyUzRCUyMmh0dHBzJTNBJTJGJTJGbWF4aXNlZ3Vyb3MucHQlMkZ3cC1jb250ZW50JTJGdXBsb2FkcyUyRjIwMTYlMkYwOSUyRmltYWdlLTMtMzcweDI3MC5qcGclMjIlMjBjbGFzcyUzRCUyMmF0dGFjaG1lbnQtaW5zdWdyb3VwLXRodW1iLW1lZCUyMHNpemUtaW5zdWdyb3VwLXRodW1iLW1lZCUyMHdwLXBvc3QtaW1hZ2UlMjIlMjBhbHQlM0QlMjJTZWd1cm8lMjBkZSUyMFNhJUMzJUJBZGUlMjIlM0UlM0NkaXYlMjBjbGFzcyUzRCUyMm1hc2slMjIlM0UlM0MlMkZkaXYlM0UlM0NhJTIwaHJlZiUzRCUyMmh0dHBzJTNBJTJGJTJGbWF4aXNlZ3Vyb3MucHQlMkZpbmRleC5waHAlMkZjb3RhY29lcyUyRiUyMiUyMGFyaWEtaGlkZGVuJTNEJTIydHJ1ZSUyMiUyMGNsYXNzJTNEJTIyaWNvbnMlMjIlM0UlM0NzcGFuJTNFJTNDJTJGc3BhbiUzRSUzQ3NwYW4lM0UlM0MlMkZzcGFuJTNFJTNDc3BhbiUzRSUzQyUyRnNwYW4lM0UlM0MlMkZhJTNFJTNDJTJGZGl2JTNFJTNDZGl2JTIwY2xhc3MlM0QlMjJzY19ibG9nZ2VyX2l0ZW1fY29udGVudCUyMGVudHJ5LWNvbnRlbnQlMjIlM0UlM0NkaXYlMjBjbGFzcyUzRCUyMnNjX2Jsb2dnZXJfaXRlbV9oZWFkZXIlMjBlbnRyeS1oZWFkZXIlMjIlM0UlM0NoNCUyMGNsYXNzJTNEJTIyc2NfYmxvZ2dlcl9pdGVtX3RpdGxlJTIwZW50cnktdGl0bGUlMjIlM0UlM0NhJTIwaHJlZiUzRCUyMmh0dHBzJTNBJTJGJTJGbWF4aXNlZ3Vyb3MucHQlMkZpbmRleC5waHAlMkZjb3RhY29lcyUyRiUyMiUyMHJlbCUzRCUyMmJvb2ttYXJrJTIyJTNFU2VndXJvJTIwZGUlMjBTYSVDMyVCQWRlJTNDJTJGYSUzRSUzQyUyRmg0JTNFJTNDZGl2JTIwY2xhc3MlM0QlMjJwb3N0X21ldGElMjIlM0UlMDklMDklMDklMDklMDklM0NzcGFuJTIwY2xhc3MlM0QlMjJwb3N0X21ldGFfaXRlbSUyMHBvc3RfZGF0ZSUyMiUzRU1haW8lMjAyOSUyQyUyMDIwMTYlM0MlMkZzcGFuJTNFJTBBJTA5JTA5JTA5JTA5JTA5JTIwJTIwJTIwJTIwJTIwJTIwJTIwJTIwJTIwJTIwJTIwJTIwJTIwJTIwJTIwJTIwJTIwJTIwJTIwJTIwJTNDc3BhbiUyMGNsYXNzJTNEJTIycG9zdF9tZXRhX2l0ZW0lMjBwb3N0X2NhdGVnb3JpZXMlMjIlM0UlMEElMjAlMjAlMjAlMjAlMjAlMjAlMjAlMjAlMjAlMjAlMjAlMjAlMjAlMjAlMjAlMjAlMjAlMjAlMjAlMjBpbiUyMCUzQ2ElMjBocmVmJTNEJTIyaHR0cHMlM0ElMkYlMkZtYXhpc2VndXJvcy5wdCUyRmluZGV4LnBocCUyRmNhdGVnb3J5JTJGb3VyLXByb2plY3RzJTJGJTIyJTIwcmVsJTNEJTIyY2F0ZWdvcnklMjB0YWclMjIlM0VPdXIlMjBQcm9qZWN0cyUzQyUyRmElM0UlMjAlMjAlMjAlMjAlMjAlMjAlMjAlMjAlMjAlMjAlMjAlMjAlMjAlMjAlMjAlMjAlMjAlMjAlMjAlMjAlM0MlMkZzcGFuJTNFJTBBJTIwJTIwJTIwJTIwJTIwJTIwJTIwJTIwJTIwJTIwJTIwJTIwJTIwJTIwJTIwJTIwJTIwJTNDYSUyMGhyZWYlM0QlMjJodHRwcyUzQSUyRiUyRm1heGlzZWd1cm9zLnB0JTJGaW5kZXgucGhwJTJGY290YWNvZXMlMkYlMjIlMjBjbGFzcyUzRCUyMnBvc3RfbWV0YV9pdGVtJTIwcG9zdF9jb3VudGVyc19pdGVtJTIwcG9zdF9jb3VudGVyc19jb21tZW50cyUyMHRyeF9hZGRvbnNfaWNvbi1jb21tZW50JTIyJTNFJTNDc3BhbiUyMGNsYXNzJTNEJTIycG9zdF9jb3VudGVyc19udW1iZXIlMjIlM0UwJTNDJTJGc3BhbiUzRSUzQ3NwYW4lMjBjbGFzcyUzRCUyMnBvc3RfY291bnRlcnNfbGFiZWwlMjIlM0VDb21tZW50cyUzQyUyRnNwYW4lM0UlM0MlMkZhJTNFJTIwJTNDJTJGZGl2JTNFJTNDJTIxLS0lMjAucG9zdF9tZXRhJTIwLS0lM0UlM0MlMkZkaXYlM0UlM0MlMjEtLSUyMC5lbnRyeS1oZWFkZXIlMjAtLSUzRSUzQ2RpdiUyMGNsYXNzJTNEJTIyc2NfYmxvZ2dlcl9pdGVtX2V4Y2VycHQlMjIlM0UlMEElMDklMDklMDklMDklM0NkaXYlMjBjbGFzcyUzRCUyMl9pdGVtX2V4Y2VycHRfdGV4dCUyMiUzRSUwQSUwOSUwOSUwOSUwOSUwOSUzQ3AlM0VDb25oZSVDMyVBN2ElMjBhcyUyMG5vdmlkYWRlcyUyMGVtJTIwb2ZlcnRhcyUyMGRlJTIwc2VndXJvcyUyMGRlJTIwc2ElQzMlQkFkZSUyQyUyMGFsZ3VucyUyMGVzcGVjaWFsbWVudGUlMjBkZXNlbmhhZG9zJTIwcGFyYSUyMGElMjBtZWxob3IlMjBmYXNlJTIwZGElMjBzdWElMjB2aWRhJTJDJTIwc2VndXJvcyUyMHMlQzMlQTluaW9yZXMuJTIwU29saWNpdGUlMjBqJUMzJUExJTIwdW1hJTIwc2ltdWxhJUMzJUE3JUMzJUEzbyUzQyUyRnAlM0UlMEElMDklMDklMDklMDklM0MlMkZkaXYlM0UlMEElMDklMDklMDklMDklM0NkaXYlMjBjbGFzcyUzRCUyMnNjX2Jsb2dnZXJfaXRlbV9saW5rJTIwc2NfaXRlbV9saW5rJTIyJTNFJTNDYSUyMGhyZWYlM0QlMjJodHRwcyUzQSUyRiUyRm1heGlzZWd1cm9zLnB0JTJGaW5kZXgucGhwJTJGY290YWNvZXMlMkYlMjIlMjBjbGFzcyUzRCUyMnNjX2J1dHRvbl9saW5rJTIyJTNFJTNDJTJGYSUzRSUzQyUyRmRpdiUzRSUzQyUyRmRpdiUzRSUzQyUyMS0tJTIwLnNjX2Jsb2dnZXJfaXRlbV9leGNlcnB0JTIwLS0lM0UlM0MlMkZkaXYlM0UlM0MlMjEtLSUyMC5lbnRyeS1jb250ZW50JTIwLS0lM0UlM0MlMkZkaXYlM0UlM0MlMjEtLSUyMC5zY19ibG9nZ2VyX2l0ZW0lMjAtLSUzRSUzQyUyRmRpdiUzRSUzQ2RpdiUyMGNsYXNzJTNEJTIydHJ4X2FkZG9uc19jb2x1bW4tMV8zJTIyJTNFJTNDZGl2JTIwaWQlM0QlMjJwb3N0LTE5NSUyMiUyMGNsYXNzJTNEJTIyc2NfYmxvZ2dlcl9pdGVtJTIwcG9zdF9mb3JtYXRfc3RhbmRhcmQlMjBwb3N0LTE5NSUyMHBvc3QlMjB0eXBlLXBvc3QlMjBzdGF0dXMtcHVibGlzaCUyMGZvcm1hdC1zdGFuZGFyZCUyMGhhcy1wb3N0LXRodW1ibmFpbCUyMGhlbnRyeSUyMGNhdGVnb3J5LW91ci1wcm9qZWN0cyUyMHRhZy1maW5hbmNlJTIwdGFnLXRyYXZlbCUyMiUzRSUzQ2RpdiUyMGNsYXNzJTNEJTIycG9zdF9mZWF0dXJlZCUyMHdpdGhfdGh1bWIlMjBob3Zlcl9kb3RzJTIwc2NfYmxvZ2dlcl9pdGVtX2ZlYXR1cmVkJTIyJTNFJTNDaW1nJTIwd2lkdGglM0QlMjIzNzAlMjIlMjBoZWlnaHQlM0QlMjIyNzAlMjIlMjBzcmMlM0QlMjJodHRwcyUzQSUyRiUyRm1heGlzZWd1cm9zLnB0JTJGd3AtY29udGVudCUyRnVwbG9hZHMlMkYyMDE2JTJGMDUlMkZpbWFnZS05LTM3MHgyNzAuanBnJTIyJTIwY2xhc3MlM0QlMjJhdHRhY2htZW50LWluc3Vncm91cC10aHVtYi1tZWQlMjBzaXplLWluc3Vncm91cC10aHVtYi1tZWQlMjB3cC1wb3N0LWltYWdlJTIyJTIwYWx0JTNEJTIyU2VndXJvJTIwZGUlMjBWaWRhJTIyJTNFJTNDZGl2JTIwY2xhc3MlM0QlMjJtYXNrJTIyJTNFJTNDJTJGZGl2JTNFJTNDYSUyMGhyZWYlM0QlMjJodHRwcyUzQSUyRiUyRm1heGlzZWd1cm9zLnB0JTJGaW5kZXgucGhwJTJGY290YWNvZXMlMkYlMjIlMjBhcmlhLWhpZGRlbiUzRCUyMnRydWUlMjIlMjBjbGFzcyUzRCUyMmljb25zJTIyJTNFJTNDc3BhbiUzRSUzQyUyRnNwYW4lM0UlM0NzcGFuJTNFJTNDJTJGc3BhbiUzRSUzQ3NwYW4lM0UlM0MlMkZzcGFuJTNFJTNDJTJGYSUzRSUzQyUyRmRpdiUzRSUzQ2RpdiUyMGNsYXNzJTNEJTIyc2NfYmxvZ2dlcl9pdGVtX2NvbnRlbnQlMjBlbnRyeS1jb250ZW50JTIyJTNFJTNDZGl2JTIwY2xhc3MlM0QlMjJzY19ibG9nZ2VyX2l0ZW1faGVhZGVyJTIwZW50cnktaGVhZGVyJTIyJTNFJTNDaDQlMjBjbGFzcyUzRCUyMnNjX2Jsb2dnZXJfaXRlbV90aXRsZSUyMGVudHJ5LXRpdGxlJTIyJTNFJTNDYSUyMGhyZWYlM0QlMjJodHRwcyUzQSUyRiUyRm1heGlzZWd1cm9zLnB0JTJGaW5kZXgucGhwJTJGY290YWNvZXMlMkYlMjIlMjByZWwlM0QlMjJib29rbWFyayUyMiUzRVNlZ3VybyUyMGRlJTIwVmlkYSUzQyUyRmElM0UlM0MlMkZoNCUzRSUzQ2RpdiUyMGNsYXNzJTNEJTIycG9zdF9tZXRhJTIyJTNFJTA5JTA5JTA5JTA5JTA5JTNDc3BhbiUyMGNsYXNzJTNEJTIycG9zdF9tZXRhX2l0ZW0lMjBwb3N0X2RhdGUlMjIlM0VNYWlvJTIwMjklMkMlMjAyMDE2JTNDJTJGc3BhbiUzRSUwQSUwOSUwOSUwOSUwOSUwOSUyMCUyMCUyMCUyMCUyMCUyMCUyMCUyMCUyMCUyMCUyMCUyMCUyMCUyMCUyMCUyMCUyMCUyMCUyMCUyMCUzQ3NwYW4lMjBjbGFzcyUzRCUyMnBvc3RfbWV0YV9pdGVtJTIwcG9zdF9jYXRlZ29yaWVzJTIyJTNFJTBBJTIwJTIwJTIwJTIwJTIwJTIwJTIwJTIwJTIwJTIwJTIwJTIwJTIwJTIwJTIwJTIwJTIwJTIwJTIwJTIwaW4lMjAlM0NhJTIwaHJlZiUzRCUyMmh0dHBzJTNBJTJGJTJGbWF4aXNlZ3Vyb3MucHQlMkZpbmRleC5waHAlMkZjYXRlZ29yeSUyRm91ci1wcm9qZWN0cyUyRiUyMiUyMHJlbCUzRCUyMmNhdGVnb3J5JTIwdGFnJTIyJTNFT3VyJTIwUHJvamVjdHMlM0MlMkZhJTNFJTIwJTIwJTIwJTIwJTIwJTIwJTIwJTIwJTIwJTIwJTIwJTIwJTIwJTIwJTIwJTIwJTIwJTIwJTIwJTIwJTNDJTJGc3BhbiUzRSUwQSUyMCUyMCUyMCUyMCUyMCUyMCUyMCUyMCUyMCUyMCUyMCUyMCUyMCUyMCUyMCUyMCUyMCUzQ2ElMjBocmVmJTNEJTIyaHR0cHMlM0ElMkYlMkZtYXhpc2VndXJvcy5wdCUyRmluZGV4LnBocCUyRmNvdGFjb2VzJTJGJTIyJTIwY2xhc3MlM0QlMjJwb3N0X21ldGFfaXRlbSUyMHBvc3RfY291bnRlcnNfaXRlbSUyMHBvc3RfY291bnRlcnNfY29tbWVudHMlMjB0cnhfYWRkb25zX2ljb24tY29tbWVudCUyMiUzRSUzQ3NwYW4lMjBjbGFzcyUzRCUyMnBvc3RfY291bnRlcnNfbnVtYmVyJTIyJTNFMCUzQyUyRnNwYW4lM0UlM0NzcGFuJTIwY2xhc3MlM0QlMjJwb3N0X2NvdW50ZXJzX2xhYmVsJTIyJTNFQ29tbWVudHMlM0MlMkZzcGFuJTNFJTNDJTJGYSUzRSUyMCUzQyUyRmRpdiUzRSUzQyUyMS0tJTIwLnBvc3RfbWV0YSUyMC0tJTNFJTNDJTJGZGl2JTNFJTNDJTIxLS0lMjAuZW50cnktaGVhZGVyJTIwLS0lM0UlM0NkaXYlMjBjbGFzcyUzRCUyMnNjX2Jsb2dnZXJfaXRlbV9leGNlcnB0JTIyJTNFJTBBJTA5JTA5JTA5JTA5JTNDZGl2JTIwY2xhc3MlM0QlMjJfaXRlbV9leGNlcnB0X3RleHQlMjIlM0UlMEElMDklMDklMDklMDklMDklM0NwJTNFQ29uaGUlQzMlQTdhJTIwYXMlMjBub3ZpZGFkZXMlMjBlbSUyMHNlZ3Vyb3MlMjBkZSUyMHZpZGEuJTIwJUMzJTg5JTIwaW1wb3J0YW50ZSUyMGVzdGFyJTIwcHJlcGFyYWRvJTIwcGFyYSUyMGFzJTIwaW1wcmV2aXNpYmlsaWRhZGVzJTIwZGElMjB2aWRhJTJDJTIwY29uaGUlQzMlQTdhJTIwYXMlMjBub3NzYXMlMjBwcm9wb3N0YXMuJTIwU29saWNpdGUlMjBqJUMzJUExJTIwdW1hJTIwc2ltdWxhJUMzJUE3JUMzJUEzby4lM0MlMkZwJTNFJTBBJTA5JTA5JTA5JTA5JTNDJTJGZGl2JTNFJTBBJTA5JTA5JTA5JTA5JTNDZGl2JTIwY2xhc3MlM0QlMjJzY19ibG9nZ2VyX2l0ZW1fbGluayUyMHNjX2l0ZW1fbGluayUyMiUzRSUzQ2ElMjBocmVmJTNEJTIyaHR0cHMlM0ElMkYlMkZtYXhpc2VndXJvcy5wdCUyRmluZGV4LnBocCUyRmNvdGFjb2VzJTJGJTIyJTIwY2xhc3MlM0QlMjJzY19idXR0b25fbGluayUyMiUzRSUzQyUyRmElM0UlM0MlMkZkaXYlM0UlM0MlMkZkaXYlM0UlM0MlMjEtLSUyMC5zY19ibG9nZ2VyX2l0ZW1fZXhjZXJwdCUyMC0tJTNFJTNDJTJGZGl2JTNFJTNDJTIxLS0lMjAuZW50cnktY29udGVudCUyMC0tJTNFJTNDJTJGZGl2JTNFJTNDJTIxLS0lMjAuc2NfYmxvZ2dlcl9pdGVtJTIwLS0lM0UlM0MlMkZkaXYlM0UlM0NkaXYlMjBjbGFzcyUzRCUyMnRyeF9hZGRvbnNfY29sdW1uLTFfMyUyMiUzRSUzQ2RpdiUyMGlkJTNEJTIycG9zdC0xOTYlMjIlMjBjbGFzcyUzRCUyMnNjX2Jsb2dnZXJfaXRlbSUyMHBvc3RfZm9ybWF0X3N0YW5kYXJkJTIwcG9zdC0xOTYlMjBwb3N0JTIwdHlwZS1wb3N0JTIwc3RhdHVzLXB1Ymxpc2glMjBmb3JtYXQtc3RhbmRhcmQlMjBoYXMtcG9zdC10aHVtYm5haWwlMjBoZW50cnklMjBjYXRlZ29yeS1vdXItcHJvamVjdHMlMjB0YWctZmluYW5jZSUyMHRhZy10cmF2ZWwlMjIlM0UlM0NkaXYlMjBjbGFzcyUzRCUyMnBvc3RfZmVhdHVyZWQlMjB3aXRoX3RodW1iJTIwaG92ZXJfZG90cyUyMHNjX2Jsb2dnZXJfaXRlbV9mZWF0dXJlZCUyMiUzRSUzQ2ltZyUyMHdpZHRoJTNEJTIyMzcwJTIyJTIwaGVpZ2h0JTNEJTIyMjcwJTIyJTIwc3JjJTNEJTIyaHR0cHMlM0ElMkYlMkZtYXhpc2VndXJvcy5wdCUyRndwLWNvbnRlbnQlMkZ1cGxvYWRzJTJGMjAxNiUyRjA1JTJGaW1hZ2UtMTAtMzcweDI3MC5qcGclMjIlMjBjbGFzcyUzRCUyMmF0dGFjaG1lbnQtaW5zdWdyb3VwLXRodW1iLW1lZCUyMHNpemUtaW5zdWdyb3VwLXRodW1iLW1lZCUyMHdwLXBvc3QtaW1hZ2UlMjIlMjBhbHQlM0QlMjJIYWJpdGElQzMlQTclQzMlQTNvJTIyJTNFJTNDZGl2JTIwY2xhc3MlM0QlMjJtYXNrJTIyJTNFJTNDJTJGZGl2JTNFJTNDYSUyMGhyZWYlM0QlMjJodHRwcyUzQSUyRiUyRm1heGlzZWd1cm9zLnB0JTJGaW5kZXgucGhwJTJGY290YWNvZXMlMkYlMjIlMjBhcmlhLWhpZGRlbiUzRCUyMnRydWUlMjIlMjBjbGFzcyUzRCUyMmljb25zJTIyJTNFJTNDc3BhbiUzRSUzQyUyRnNwYW4lM0UlM0NzcGFuJTNFJTNDJTJGc3BhbiUzRSUzQ3NwYW4lM0UlM0MlMkZzcGFuJTNFJTNDJTJGYSUzRSUzQyUyRmRpdiUzRSUzQ2RpdiUyMGNsYXNzJTNEJTIyc2NfYmxvZ2dlcl9pdGVtX2NvbnRlbnQlMjBlbnRyeS1jb250ZW50JTIyJTNFJTNDZGl2JTIwY2xhc3MlM0QlMjJzY19ibG9nZ2VyX2l0ZW1faGVhZGVyJTIwZW50cnktaGVhZGVyJTIyJTNFJTNDaDQlMjBjbGFzcyUzRCUyMnNjX2Jsb2dnZXJfaXRlbV90aXRsZSUyMGVudHJ5LXRpdGxlJTIyJTNFJTNDYSUyMGhyZWYlM0QlMjJodHRwcyUzQSUyRiUyRm1heGlzZWd1cm9zLnB0JTJGaW5kZXgucGhwJTJGY290YWNvZXMlMkYlMjIlMjByZWwlM0QlMjJib29rbWFyayUyMiUzRUhhYml0YSVDMyVBNyVDMyVBM28lM0MlMkZhJTNFJTNDJTJGaDQlM0UlM0NkaXYlMjBjbGFzcyUzRCUyMnBvc3RfbWV0YSUyMiUzRSUwOSUwOSUwOSUwOSUwOSUzQ3NwYW4lMjBjbGFzcyUzRCUyMnBvc3RfbWV0YV9pdGVtJTIwcG9zdF9kYXRlJTIyJTNFTWFpbyUyMDI5JTJDJTIwMjAxNiUzQyUyRnNwYW4lM0UlMEElMDklMDklMDklMDklMDklMjAlMjAlMjAlMjAlMjAlMjAlMjAlMjAlMjAlMjAlMjAlMjAlMjAlMjAlMjAlMjAlMjAlMjAlMjAlMjAlM0NzcGFuJTIwY2xhc3MlM0QlMjJwb3N0X21ldGFfaXRlbSUyMHBvc3RfY2F0ZWdvcmllcyUyMiUzRSUwQSUyMCUyMCUyMCUyMCUyMCUyMCUyMCUyMCUyMCUyMCUyMCUyMCUyMCUyMCUyMCUyMCUyMCUyMCUyMCUyMGluJTIwJTNDYSUyMGhyZWYlM0QlMjJodHRwcyUzQSUyRiUyRm1heGlzZWd1cm9zLnB0JTJGaW5kZXgucGhwJTJGY2F0ZWdvcnklMkZvdXItcHJvamVjdHMlMkYlMjIlMjByZWwlM0QlMjJjYXRlZ29yeSUyMHRhZyUyMiUzRU91ciUyMFByb2plY3RzJTNDJTJGYSUzRSUyMCUyMCUyMCUyMCUyMCUyMCUyMCUyMCUyMCUyMCUyMCUyMCUyMCUyMCUyMCUyMCUyMCUyMCUyMCUyMCUzQyUyRnNwYW4lM0UlMEElMjAlMjAlMjAlMjAlMjAlMjAlMjAlMjAlMjAlMjAlMjAlMjAlMjAlMjAlMjAlMjAlMjAlM0NhJTIwaHJlZiUzRCUyMmh0dHBzJTNBJTJGJTJGbWF4aXNlZ3Vyb3MucHQlMkZpbmRleC5waHAlMkZjb3RhY29lcyUyRiUyMiUyMGNsYXNzJTNEJTIycG9zdF9tZXRhX2l0ZW0lMjBwb3N0X2NvdW50ZXJzX2l0ZW0lMjBwb3N0X2NvdW50ZXJzX2NvbW1lbnRzJTIwdHJ4X2FkZG9uc19pY29uLWNvbW1lbnQlMjIlM0UlM0NzcGFuJTIwY2xhc3MlM0QlMjJwb3N0X2NvdW50ZXJzX251bWJlciUyMiUzRTAlM0MlMkZzcGFuJTNFJTNDc3BhbiUyMGNsYXNzJTNEJTIycG9zdF9jb3VudGVyc19sYWJlbCUyMiUzRUNvbW1lbnRzJTNDJTJGc3BhbiUzRSUzQyUyRmElM0UlMjAlM0MlMkZkaXYlM0UlM0MlMjEtLSUyMC5wb3N0X21ldGElMjAtLSUzRSUzQyUyRmRpdiUzRSUzQyUyMS0tJTIwLmVudHJ5LWhlYWRlciUyMC0tJTNFJTNDZGl2JTIwY2xhc3MlM0QlMjJzY19ibG9nZ2VyX2l0ZW1fZXhjZXJwdCUyMiUzRSUwQSUwOSUwOSUwOSUwOSUzQ2RpdiUyMGNsYXNzJTNEJTIyX2l0ZW1fZXhjZXJwdF90ZXh0JTIyJTNFJTBBJTA5JTA5JTA5JTA5JTA5JTNDcCUzRU9zJTIwc2VndXJvcyUyMGRlJTIwaGFiaXRhJUMzJUE3JUMzJUEzbyUyMHMlQzMlQTNvJTIwdW1hJTIwZ2FyYW50aWElMjBwYXJhJTIwc2klMjBlJTIwcGFyYSUyMGElMjBzdWElMjBmYW0lQzMlQURsaWEuJTIwQ2FkYSUyMHNlZ3VybyUyMCVDMyVBOSUyMGZsZXglQzMlQUR2ZWwlMjBlJTIwcGVyc29uYWxpeiVDMyVBMXZlbCUyQyUyMGNvbSUyMGRpdmVyc29zJTIwbSVDMyVCM2R1bG9zLiUyMFNvbGljaXRlJTIwaiVDMyVBMSUyMHVtYSUyMHNpbXVsYSVDMyVBNyVDMyVBM28uJTNDJTJGcCUzRSUwQSUwOSUwOSUwOSUwOSUzQyUyRmRpdiUzRSUwQSUwOSUwOSUwOSUwOSUzQ2RpdiUyMGNsYXNzJTNEJTIyc2NfYmxvZ2dlcl9pdGVtX2xpbmslMjBzY19pdGVtX2xpbmslMjIlM0UlM0NhJTIwaHJlZiUzRCUyMmh0dHBzJTNBJTJGJTJGbWF4aXNlZ3Vyb3MucHQlMkZpbmRleC5waHAlMkZjb3RhY29lcyUyRiUyMiUyMGNsYXNzJTNEJTIyc2NfYnV0dG9uX2xpbmslMjIlM0UlM0MlMkZhJTNFJTNDJTJGZGl2JTNFJTNDJTJGZGl2JTNFJTNDJTIxLS0lMjAuc2NfYmxvZ2dlcl9pdGVtX2V4Y2VycHQlMjAtLSUzRSUzQyUyRmRpdiUzRSUzQyUyMS0tJTIwLmVudHJ5LWNvbnRlbnQlMjAtLSUzRSUzQyUyRmRpdiUzRSUzQyUyMS0tJTIwLnNjX2Jsb2dnZXJfaXRlbSUyMC0tJTNFJTNDJTJGZGl2JTNFJTNDJTJGZGl2JTNFJTNDJTJGZGl2JTNFJTBBJTA5JTA5JTA5JTA5[\/vc_raw_html][\/vc_column][\/vc_row][vc_row][vc_column][vc_empty_space height=&#8221;2em&#8221; alter_height=&#8221;none&#8221; hide_on_mobile=&#8221;&#8221;][\/vc_column][\/vc_row]<\/p>\n<\/section>","protected":false},"excerpt":{"rendered":"<p>[vc_row][vc_column][vc_empty_space height=&#8221;6.2857em&#8221; alter_height=&#8221;none&#8221; hide_on_mobile=&#8221;&#8221;][\/vc_column][\/vc_row][vc_row equal_height=&#8221;yes&#8221;][vc_column width=&#8221;1\/2&#8243;][vc_empty_space height=&#8221;2em&#8221; alter_height=&#8221;none&#8221; hide_on_mobile=&#8221;&#8221;][vc_empty_space height=&#8221;4.2857em&#8221; alter_height=&#8221;none&#8221; hide_on_mobile=&#8221;1&#8243;][\/vc_column][vc_column width=&#8221;1\/2&#8243;][vc_single_image image=&#8221;860&#8243; img_size=&#8221;full&#8221; alignment=&#8221;right&#8221;][vc_empty_space height=&#8221;6.2857em&#8221; alter_height=&#8221;none&#8221; hide_on_mobile=&#8221;&#8221;][\/vc_column][\/vc_row][vc_row full_width=&#8221;stretch_row_content_no_spaces&#8221; equal_height=&#8221;yes&#8221; content_placement=&#8221;middle&#8221; scheme=&#8221;light&#8221; css=&#8221;.vc_custom_1483632892238{background-color: #f5f6f7 !important;}&#8221;][vc_column offset=&#8221;vc_col-lg-6 vc_col-md-6 vc_col-xs-12&#8243;][\/vc_column][vc_column scheme=&#8221;default&#8221; css=&#8221;.vc_custom_1484645490851{padding-right: 12.5% !important;padding-left: 12.5% !important;}&#8221; offset=&#8221;vc_col-lg-6 vc_col-md-6 vc_col-xs-12&#8243;][vc_empty_space height=&#8221;2em&#8221; alter_height=&#8221;none&#8221;&hellip;<\/p>\n","protected":false},"author":1,"featured_media":0,"parent":0,"menu_order":0,"comment_status":"closed","ping_status":"closed","template":"","meta":{"footnotes":""},"_links":{"self":[{"href":"https:\/\/maxiseguros.pt\/index.php\/wp-json\/wp\/v2\/pages\/14"}],"collection":[{"href":"https:\/\/maxiseguros.pt\/index.php\/wp-json\/wp\/v2\/pages"}],"about":[{"href":"https:\/\/maxiseguros.pt\/index.php\/wp-json\/wp\/v2\/types\/page"}],"author":[{"embeddable":true,"href":"https:\/\/maxiseguros.pt\/index.php\/wp-json\/wp\/v2\/users\/1"}],"replies":[{"embeddable":true,"href":"https:\/\/maxiseguros.pt\/index.php\/wp-json\/wp\/v2\/comments?post=14"}],"version-history":[{"count":28,"href":"https:\/\/maxiseguros.pt\/index.php\/wp-json\/wp\/v2\/pages\/14\/revisions"}],"predecessor-version":[{"id":2001,"href":"https:\/\/maxiseguros.pt\/index.php\/wp-json\/wp\/v2\/pages\/14\/revisions\/2001"}],"wp:attachment":[{"href":"https:\/\/maxiseguros.pt\/index.php\/wp-json\/wp\/v2\/media?parent=14"}],"curies":[{"name":"wp","href":"https:\/\/api.w.org\/{rel}","templated":true}]}}