{"id":1452,"date":"2019-11-11T23:11:10","date_gmt":"2019-11-11T23:11:10","guid":{"rendered":"https:\/\/maxiseguros.pt\/?page_id=1452"},"modified":"2023-07-20T06:26:59","modified_gmt":"2023-07-20T06:26:59","slug":"sinistros","status":"publish","type":"page","link":"https:\/\/maxiseguros.pt\/index.php\/sinistros\/","title":{"rendered":"Sinistros"},"content":{"rendered":"<section class=\"wpb-content-wrapper\"><p>[vc_row][vc_column][vc_column_text]<\/p>\n<p style=\"text-align: center;\"><strong>DESEJA PARTICIPAR UM SINISTRO?<\/strong><\/p>\n<p style=\"text-align: center;\">Em caso de algum acidente\u00a0<b>poder\u00e1 comunicar connosco online<\/b>, via computador, tablet ou at\u00e9 telem\u00f3vel.<br \/>\nPoder\u00e1 tamb\u00e9m ligar para n\u00f3s.<br \/>\nTratamos dos seus assuntos como se fossem nossos, pode contar com a nossa celeridade e m\u00e1ximo empenho.<span style=\"font-family: Arial;\"><br \/>\nNa\u00a0<b>Maxiseguros<\/b> damos a m\u00e1xima aten\u00e7\u00e3o aos seus assuntos.<br \/>\nSe tem uma participa\u00e7\u00e3o de sinistro a fazer n\u00e3o perca mais tempo e envie-nos os seus dados. Trataremos de tudo com a maior brevidade.<br \/>\n<\/span><\/p>\n<p>[\/vc_column_text][vc_empty_space height=&#8221;52px&#8221; alter_height=&#8221;medium&#8221; hide_on_mobile=&#8221;&#8221;][\/vc_column][\/vc_row][vc_row][vc_column width=&#8221;1\/4&#8243;][\/vc_column][vc_column width=&#8221;1\/2&#8243;][vc_column_text]<style type=\"text\/css\">.super-form:not(.super-initialized) *:not(.super-load-icon) { visibility: hidden !important; }<\/style><div id=\"super-form-1454\" style=\"margin:0px 0px 0px 0px;\" class=\"super-form super-form-1454  super-default-rounded super-field-size-medium super-adaptive\" data-hide=\"true\" data-overlay=\"true\" data-field-size=\"medium\"><span class=\"super-load-icon\"><\/span><form tabindex=\"0\" autocomplete=\"on\" enctype=\"multipart\/form-data\"><input type=\"hidden\" name=\"sf_nonce\" value=\"\" \/><input type=\"text\" name=\"super_hp\" size=\"25\" value=\"\" \/><div class=\"super-shortcode super-field super-hidden\"><input class=\"super-shortcode-field\" type=\"hidden\" value=\"1454\" name=\"hidden_form_id\" \/><\/div><div class=\"super-grid super-shortcode\"><div class=\"super-shortcode super_one_half super-column grid-level-0 column-number-1 first-column \"><div class=\"super-shortcode super-field super-text   super-ungrouped  \"><div class=\"super-field-wrapper \"><input tabindex=\"-1\" class=\"super-shortcode-field\" type=\"text\" name=\"first_name\" data-oname=\"first_name\" data-message=\"Campo Obrigat\u00f3rio\" data-validation=\"empty\" data-email=\"Nome:\" data-exclude=\"0\" data-absolute-default=\"\" data-default-value=\"\" \/><span class=\"super-adaptive-placeholder\" data-placeholder=\"Nome\" data-placeholderFilled=\"Nome\"><span>Nome<\/span><\/span><\/div><div class=\"super-error-msg\">Campo Obrigat\u00f3rio<\/div><div class=\"super-empty-error-msg\">Campo Obrigat\u00f3rio<\/div><\/div><\/div><div class=\"super-shortcode super_one_half super-column grid-level-0 column-number-2  \"><div class=\"super-shortcode super-field super-text   super-ungrouped  \"><div class=\"super-field-wrapper \"><input tabindex=\"-1\" class=\"super-shortcode-field\" type=\"tel\" name=\"phonenumber\" data-oname=\"phonenumber\" data-message=\"Campo Obrigat\u00f3rio\" data-validation=\"empty\" data-email=\"Contacto:\" data-exclude=\"0\" data-absolute-default=\"\" data-default-value=\"\" \/><span class=\"super-adaptive-placeholder\" data-placeholder=\"Contacto\" data-placeholderFilled=\"Contacto\"><span>Contacto<\/span><\/span><\/div><div class=\"super-error-msg\">Campo Obrigat\u00f3rio<\/div><div class=\"super-empty-error-msg\">Campo Obrigat\u00f3rio<\/div><\/div><\/div><\/div><div class=\"super-grid super-shortcode\"><div class=\"super-shortcode super_one_full super-column grid-level-0 column-number-1 first-column \"><div class=\"super-shortcode super-field super-text   super-ungrouped  \"><div class=\"super-field-wrapper \"><input tabindex=\"-1\" class=\"super-shortcode-field\" type=\"email\" name=\"email\" data-oname=\"email\" data-message=\"Campo Obrigat\u00f3rio\" data-validation=\"email\" data-email=\"Email:\" data-exclude=\"0\" data-absolute-default=\"\" data-default-value=\"\" \/><span class=\"super-adaptive-placeholder\" data-placeholder=\"E-mail\" data-placeholderFilled=\"E-mail\"><span>E-mail<\/span><\/span><\/div><div class=\"super-error-msg\">Campo Obrigat\u00f3rio<\/div><div class=\"super-empty-error-msg\">Campo Obrigat\u00f3rio<\/div><\/div><\/div><\/div><div class=\"super-grid super-shortcode\"><div class=\"super-shortcode super_one_half super-column grid-level-0 column-number-1 first-column \"><div class=\"super-shortcode super-field super-text   super-ungrouped  \"><div class=\"super-field-wrapper \"><input tabindex=\"-1\" class=\"super-shortcode-field\" type=\"text\" name=\"name\" data-oname=\"name\" data-message=\"Campo Obrigat\u00f3rio\" data-validation=\"empty\" data-email=\"N\u00ba de ap\u00f3lice:\" data-exclude=\"0\" data-absolute-default=\"\" data-default-value=\"\" \/><span class=\"super-adaptive-placeholder\" data-placeholder=\"N\u00ba de ap\u00f3lice\" data-placeholderFilled=\"N\u00ba de ap\u00f3lice\"><span>N\u00ba de ap\u00f3lice<\/span><\/span><\/div><div class=\"super-error-msg\">Campo Obrigat\u00f3rio<\/div><div class=\"super-empty-error-msg\">Campo Obrigat\u00f3rio<\/div><\/div><\/div><div class=\"super-shortcode super_one_half super-column grid-level-0 column-number-2  \"><div class=\"super-shortcode super-field super-date   super-ungrouped  \"><div class=\"super-field-wrapper \"><input tabindex=\"-1\" class=\"super-shortcode-field super-datepicker\" type=\"text\" autocomplete=\"false\"  value=\"\" \r\n        name=\"date\" \r\n        data-format=\"dd-mm-yy\" \r\n        data-jsformat=\"dd-MM-yyyy\" \r\n        data-connected-min=\"\" \r\n        data-connected-min-days=\"1\" \r\n        data-connected-max=\"\" \r\n        data-connected-max-days=\"1\" \r\n        data-range=\"-100:+5\" \r\n        data-first-day=\"1\"\r\n        data-localization=\"\"\r\n        data-change-month=\"true\"\r\n        data-change-year=\"true\"\r\n        data-show-month-after-year=\"\"\r\n        data-show-week=\"\"\r\n        data-number-of-months=\"1\"\r\n        data-show-other-months=\"\"\r\n        data-select-other-months=\"false\" data-work-days=\"true\"data-weekends=\"true\"data-maxPicks=\"1\" data-oname=\"date\" data-message=\"Campo Obrigat\u00f3rio\" data-validation=\"empty\" data-email=\"Data:\" data-exclude=\"0\" data-absolute-default=\"\" data-default-value=\"\" data-return_age=\"\" readonly=\"true\" \/><span class=\"super-adaptive-placeholder\" data-placeholder=\"Data sinistro\" data-placeholderFilled=\"Data sinistro\"><span>Data sinistro<\/span><\/span><\/div><div class=\"super-error-msg\">Campo Obrigat\u00f3rio<\/div><div class=\"super-empty-error-msg\">Campo Obrigat\u00f3rio<\/div><\/div><\/div><\/div><div class=\"super-grid super-shortcode\"><div class=\"super-shortcode super_one_full super-column grid-level-0 column-number-1 first-column \"><div class=\"super-shortcode super-field super-textarea   super-ungrouped  \"><div class=\"super-field-wrapper \"><textarea tabindex=\"-1\" class=\"super-shortcode-field\" name=\"question\" data-oname=\"question\" data-message=\"Campo Obrigat\u00f3rio\" data-validation=\"empty\" data-email=\"Descri\u00e7\u00e3o:\" data-exclude=\"0\" data-absolute-default=\"\" data-default-value=\"\" ><\/textarea><span class=\"super-adaptive-placeholder\" data-placeholder=\"Descri\u00e7\u00e3o\" data-placeholderFilled=\"Descri\u00e7\u00e3o\"><span>Descri\u00e7\u00e3o<\/span><\/span><\/div><div class=\"super-error-msg\">Campo Obrigat\u00f3rio<\/div><div class=\"super-empty-error-msg\">Campo Obrigat\u00f3rio<\/div><\/div><\/div><\/div><div data-color=\"#95d343\" data-light=\"#a9e757\" data-dark=\"#77b525\" data-hover-color=\"#444444\" data-hover-light=\"#585858\" data-hover-dark=\"#262626\" data-font=\"#ffffff\" data-font-hover=\"#ffffff\" data-radius=\"square\" data-type=\"flat\" class=\"super-extra-shortcode super-shortcode super-field super-button super-clear-none super-form-button super-radius-square super-type-flat super-button-medium super-button-align-center super-button-width-auto\"><div data-href=\"\" class=\"super-button-wrap no_link\"><div class=\"super-button-name\" data-action=\"submit\" data-normal=\"ENVIAR\" data-loading=\"A Enviar...\">ENVIAR<\/div><span class=\"super-after\"><\/span><\/div><\/div><\/form><\/div>[\/vc_column_text][\/vc_column][vc_column width=&#8221;1\/4&#8243;][\/vc_column][\/vc_row][vc_row][vc_column][vc_column_text]Respeitamos a sua privacidade e s\u00f3 usaremos os seus dados para administrar a sua conta e fornecer apenas os conte\u00fados que solicitar. Ao clicar no bot\u00e3o\u00a0<strong>ENVIAR<\/strong>, est\u00e1 a concordar em manter o contacto connosco para essa finalidade.<\/p>\n<div class=\"vc_row wpb_row vc_row-fluid\">\n<div class=\"wpb_column vc_column_container vc_col-sm-12 sc_layouts_column_icons_position_left\">\n<div class=\"vc_column-inner\">\n<div class=\"wpb_wrapper\">\n<div class=\"wpb_text_column wpb_content_element \">\n<div class=\"wpb_wrapper\">\n<p><strong>Pol\u00edtica de Privacidade:<\/strong><br \/>\n\u2022 Os dados pessoais preenchidos nos formul\u00e1rios de contactos ou outros formul\u00e1rios do website, servem apenas para responder \u00e0 solicita\u00e7\u00e3o do cliente e apenas isso, n\u00e3o sendo usados para qualquer bases de dados ou outros fins.<\/p>\n<p><strong>Pol\u00edtica de Protec\u00e7\u00e3o de Dados:<\/strong><br \/>\n\u2022 Para a nossa empresa a protec\u00e7\u00e3o dos dados dos clientes \u00e9 fundamental, concordando totalmente com a nova Lei Europeia e outras que vir\u00e3o, neste sentido fizemos um investimento onde instalamos um certificado SSL com IP dedicado que encripta qualquer informa\u00e7\u00e3o colocada no website, pode reparar que o nosso site tem a indica\u00e7\u00e3o de\u00a0<span style=\"color: #339966;\">Liga\u00e7\u00e3o segura<\/span>.<\/p>\n<p><strong>Politica de Cookies:<\/strong><br \/>\n\u2022 Os cookies usados no website, s\u00e3o apenas Cookies Essenciais, estes cookies s\u00e3o essenciais para aceder \u00e0s p\u00e1ginas do site e permitem apenas a navega\u00e7\u00e3o no site, n\u00e3o fazendo recolha de quaisquer dados dos utilizadores ou de navega\u00e7\u00e3o.<\/p>\n<\/div>\n<\/div>\n<\/div>\n<\/div>\n<\/div>\n<\/div>\n<p>[\/vc_column_text][\/vc_column][\/vc_row][vc_row css_animation=&#8221;slideInUp&#8221;][vc_column][vc_empty_space height=&#8221;6.5714em&#8221; alter_height=&#8221;none&#8221; hide_on_mobile=&#8221;&#8221;][vc_raw_html]JTNDZGl2JTIwY2xhc3MlM0QlMjJzY19ibG9nZ2VyJTIwc2NfYmxvZ2dlcl9jbGFzc2ljJTIyJTIwZGF0YS1zbGlkZXMtcGVyLXZpZXclM0QlMjIzJTIyJTIwZGF0YS1zbGlkZXMtbWluLXdpZHRoJTNEJTIyMTUwJTIyJTNFJTBBJTA5JTA5JTNDaDIlMjBjbGFzcyUzRCUyMnNjX2l0ZW1fdGl0bGUlMjBzY19ibG9nZ2VyX3RpdGxlJTIwc2NfYWxpZ25fY2VudGVyJTIwc2NfaXRlbV90aXRsZV9zdHlsZV9kZWZhdWx0JTIyJTNFRW0lMjBEZXN0YXF1ZSUzQyUyRmgyJTNFJTNDZGl2JTIwY2xhc3MlM0QlMjJzY19pdGVtX2Rlc2NyJTIwc2NfYmxvZ2dlcl9kZXNjciUyMHNjX2FsaWduX2NlbnRlciUyMiUzRUFzJTIwbWFpcyUyMHJlY2VudGVzJTIwbm92aWRhZGVzJTJDJTIwcGFyYSUyMHF1ZSUyMG51bmNhJTIwcGVyY2ElMjBhJTIwb3BvcnR1bmlkYWRlJTIwZGUlMjBjb250aW51YXIlMjBhJTIwcG91cGFyJTJDJTIwc2VtJTIwcGVyZGVyJTIwYSUyMHNlZ3VyYW4lQzMlQTdhJTIwbSVDMyVBMXhpbWElMjBkbyUyMHNldSUyMHNlZ3VybyUyMSUzQyUyRmRpdiUzRSUzQ2RpdiUyMGNsYXNzJTNEJTIyc2NfYmxvZ2dlcl9jb2x1bW5zJTIwc2NfaXRlbV9jb2x1bW5zJTIwdHJ4X2FkZG9uc19jb2x1bW5zX3dyYXAlMjBjb2x1bW5zX3BhZGRpbmdfYm90dG9tJTIyJTNFJTNDZGl2JTIwY2xhc3MlM0QlMjJ0cnhfYWRkb25zX2NvbHVtbi0xXzMlMjIlM0UlM0NkaXYlMjBpZCUzRCUyMnBvc3QtMTk0JTIyJTIwY2xhc3MlM0QlMjJzY19ibG9nZ2VyX2l0ZW0lMjBwb3N0X2Zvcm1hdF9zdGFuZGFyZCUyMHBvc3QtMTk0JTIwcG9zdCUyMHR5cGUtcG9zdCUyMHN0YXR1cy1wdWJsaXNoJTIwZm9ybWF0LXN0YW5kYXJkJTIwaGFzLXBvc3QtdGh1bWJuYWlsJTIwaGVudHJ5JTIwY2F0ZWdvcnktb3VyLXByb2plY3RzJTIwdGFnLWZpbmFuY2UlMjB0YWctdHJhdmVsJTIyJTNFJTNDZGl2JTIwY2xhc3MlM0QlMjJwb3N0X2ZlYXR1cmVkJTIwd2l0aF90aHVtYiUyMGhvdmVyX2RvdHMlMjBzY19ibG9nZ2VyX2l0ZW1fZmVhdHVyZWQlMjIlM0UlM0NpbWclMjB3aWR0aCUzRCUyMjM3MCUyMiUyMGhlaWdodCUzRCUyMjI3MCUyMiUyMHNyYyUzRCUyMmh0dHBzJTNBJTJGJTJGbWF4aXNlZ3Vyb3MucHQlMkZ3cC1jb250ZW50JTJGdXBsb2FkcyUyRjIwMTYlMkYwOSUyRmltYWdlLTMtMzcweDI3MC5qcGclMjIlMjBjbGFzcyUzRCUyMmF0dGFjaG1lbnQtaW5zdWdyb3VwLXRodW1iLW1lZCUyMHNpemUtaW5zdWdyb3VwLXRodW1iLW1lZCUyMHdwLXBvc3QtaW1hZ2UlMjIlMjBhbHQlM0QlMjJTZWd1cm8lMjBkZSUyMFNhJUMzJUJBZGUlMjIlM0UlM0NkaXYlMjBjbGFzcyUzRCUyMm1hc2slMjIlM0UlM0MlMkZkaXYlM0UlM0NhJTIwaHJlZiUzRCUyMmh0dHBzJTNBJTJGJTJGbWF4aXNlZ3Vyb3MucHQlMkZpbmRleC5waHAlMkZjb3RhY29lcyUyRiUyMiUyMGFyaWEtaGlkZGVuJTNEJTIydHJ1ZSUyMiUyMGNsYXNzJTNEJTIyaWNvbnMlMjIlM0UlM0NzcGFuJTNFJTNDJTJGc3BhbiUzRSUzQ3NwYW4lM0UlM0MlMkZzcGFuJTNFJTNDc3BhbiUzRSUzQyUyRnNwYW4lM0UlM0MlMkZhJTNFJTNDJTJGZGl2JTNFJTNDZGl2JTIwY2xhc3MlM0QlMjJzY19ibG9nZ2VyX2l0ZW1fY29udGVudCUyMGVudHJ5LWNvbnRlbnQlMjIlM0UlM0NkaXYlMjBjbGFzcyUzRCUyMnNjX2Jsb2dnZXJfaXRlbV9oZWFkZXIlMjBlbnRyeS1oZWFkZXIlMjIlM0UlM0NoNCUyMGNsYXNzJTNEJTIyc2NfYmxvZ2dlcl9pdGVtX3RpdGxlJTIwZW50cnktdGl0bGUlMjIlM0UlM0NhJTIwaHJlZiUzRCUyMmh0dHBzJTNBJTJGJTJGbWF4aXNlZ3Vyb3MucHQlMkZpbmRleC5waHAlMkZjb3RhY29lcyUyRiUyMiUyMHJlbCUzRCUyMmJvb2ttYXJrJTIyJTNFU2VndXJvJTIwZGUlMjBTYSVDMyVCQWRlJTNDJTJGYSUzRSUzQyUyRmg0JTNFJTNDZGl2JTIwY2xhc3MlM0QlMjJwb3N0X21ldGElMjIlM0UlMDklMDklMDklMDklMDklM0NzcGFuJTIwY2xhc3MlM0QlMjJwb3N0X21ldGFfaXRlbSUyMHBvc3RfZGF0ZSUyMiUzRU1haW8lMjAyOSUyQyUyMDIwMTYlM0MlMkZzcGFuJTNFJTBBJTA5JTA5JTA5JTA5JTA5JTIwJTIwJTIwJTIwJTIwJTIwJTIwJTIwJTIwJTIwJTIwJTIwJTIwJTIwJTIwJTIwJTIwJTIwJTIwJTIwJTNDc3BhbiUyMGNsYXNzJTNEJTIycG9zdF9tZXRhX2l0ZW0lMjBwb3N0X2NhdGVnb3JpZXMlMjIlM0UlMEElMjAlMjAlMjAlMjAlMjAlMjAlMjAlMjAlMjAlMjAlMjAlMjAlMjAlMjAlMjAlMjAlMjAlMjAlMjAlMjBpbiUyMCUzQ2ElMjBocmVmJTNEJTIyaHR0cHMlM0ElMkYlMkZtYXhpc2VndXJvcy5wdCUyRmluZGV4LnBocCUyRmNhdGVnb3J5JTJGb3VyLXByb2plY3RzJTJGJTIyJTIwcmVsJTNEJTIyY2F0ZWdvcnklMjB0YWclMjIlM0VPdXIlMjBQcm9qZWN0cyUzQyUyRmElM0UlMjAlMjAlMjAlMjAlMjAlMjAlMjAlMjAlMjAlMjAlMjAlMjAlMjAlMjAlMjAlMjAlMjAlMjAlMjAlMjAlM0MlMkZzcGFuJTNFJTBBJTIwJTIwJTIwJTIwJTIwJTIwJTIwJTIwJTIwJTIwJTIwJTIwJTIwJTIwJTIwJTIwJTIwJTNDYSUyMGhyZWYlM0QlMjJodHRwcyUzQSUyRiUyRm1heGlzZWd1cm9zLnB0JTJGaW5kZXgucGhwJTJGY290YWNvZXMlMkYlMjIlMjBjbGFzcyUzRCUyMnBvc3RfbWV0YV9pdGVtJTIwcG9zdF9jb3VudGVyc19pdGVtJTIwcG9zdF9jb3VudGVyc19jb21tZW50cyUyMHRyeF9hZGRvbnNfaWNvbi1jb21tZW50JTIyJTNFJTNDc3BhbiUyMGNsYXNzJTNEJTIycG9zdF9jb3VudGVyc19udW1iZXIlMjIlM0UwJTNDJTJGc3BhbiUzRSUzQ3NwYW4lMjBjbGFzcyUzRCUyMnBvc3RfY291bnRlcnNfbGFiZWwlMjIlM0VDb21tZW50cyUzQyUyRnNwYW4lM0UlM0MlMkZhJTNFJTIwJTNDJTJGZGl2JTNFJTNDJTIxLS0lMjAucG9zdF9tZXRhJTIwLS0lM0UlM0MlMkZkaXYlM0UlM0MlMjEtLSUyMC5lbnRyeS1oZWFkZXIlMjAtLSUzRSUzQ2RpdiUyMGNsYXNzJTNEJTIyc2NfYmxvZ2dlcl9pdGVtX2V4Y2VycHQlMjIlM0UlMEElMDklMDklMDklMDklM0NkaXYlMjBjbGFzcyUzRCUyMl9pdGVtX2V4Y2VycHRfdGV4dCUyMiUzRSUwQSUwOSUwOSUwOSUwOSUwOSUzQ3AlM0VDb25oZSVDMyVBN2ElMjBhcyUyMG5vdmlkYWRlcyUyMGVtJTIwb2ZlcnRhcyUyMGRlJTIwc2VndXJvcyUyMGRlJTIwc2ElQzMlQkFkZSUyQyUyMGFsZ3VucyUyMGVzcGVjaWFsbWVudGUlMjBkZXNlbmhhZG9zJTIwcGFyYSUyMGElMjBtZWxob3IlMjBmYXNlJTIwZGElMjBzdWElMjB2aWRhJTJDJTIwc2VndXJvcyUyMHMlQzMlQTluaW9yZXMuJTIwU29saWNpdGUlMjBqJUMzJUExJTIwdW1hJTIwc2ltdWxhJUMzJUE3JUMzJUEzbyUzQyUyRnAlM0UlMEElMDklMDklMDklMDklM0MlMkZkaXYlM0UlMEElMDklMDklMDklMDklM0NkaXYlMjBjbGFzcyUzRCUyMnNjX2Jsb2dnZXJfaXRlbV9saW5rJTIwc2NfaXRlbV9saW5rJTIyJTNFJTNDYSUyMGhyZWYlM0QlMjJodHRwcyUzQSUyRiUyRm1heGlzZWd1cm9zLnB0JTJGaW5kZXgucGhwJTJGY290YWNvZXMlMkYlMjIlMjBjbGFzcyUzRCUyMnNjX2J1dHRvbl9saW5rJTIyJTNFJTNDJTJGYSUzRSUzQyUyRmRpdiUzRSUzQyUyRmRpdiUzRSUzQyUyMS0tJTIwLnNjX2Jsb2dnZXJfaXRlbV9leGNlcnB0JTIwLS0lM0UlM0MlMkZkaXYlM0UlM0MlMjEtLSUyMC5lbnRyeS1jb250ZW50JTIwLS0lM0UlM0MlMkZkaXYlM0UlM0MlMjEtLSUyMC5zY19ibG9nZ2VyX2l0ZW0lMjAtLSUzRSUzQyUyRmRpdiUzRSUzQ2RpdiUyMGNsYXNzJTNEJTIydHJ4X2FkZG9uc19jb2x1bW4tMV8zJTIyJTNFJTNDZGl2JTIwaWQlM0QlMjJwb3N0LTE5NSUyMiUyMGNsYXNzJTNEJTIyc2NfYmxvZ2dlcl9pdGVtJTIwcG9zdF9mb3JtYXRfc3RhbmRhcmQlMjBwb3N0LTE5NSUyMHBvc3QlMjB0eXBlLXBvc3QlMjBzdGF0dXMtcHVibGlzaCUyMGZvcm1hdC1zdGFuZGFyZCUyMGhhcy1wb3N0LXRodW1ibmFpbCUyMGhlbnRyeSUyMGNhdGVnb3J5LW91ci1wcm9qZWN0cyUyMHRhZy1maW5hbmNlJTIwdGFnLXRyYXZlbCUyMiUzRSUzQ2RpdiUyMGNsYXNzJTNEJTIycG9zdF9mZWF0dXJlZCUyMHdpdGhfdGh1bWIlMjBob3Zlcl9kb3RzJTIwc2NfYmxvZ2dlcl9pdGVtX2ZlYXR1cmVkJTIyJTNFJTNDaW1nJTIwd2lkdGglM0QlMjIzNzAlMjIlMjBoZWlnaHQlM0QlMjIyNzAlMjIlMjBzcmMlM0QlMjJodHRwcyUzQSUyRiUyRm1heGlzZWd1cm9zLnB0JTJGd3AtY29udGVudCUyRnVwbG9hZHMlMkYyMDE2JTJGMDUlMkZpbWFnZS05LTM3MHgyNzAuanBnJTIyJTIwY2xhc3MlM0QlMjJhdHRhY2htZW50LWluc3Vncm91cC10aHVtYi1tZWQlMjBzaXplLWluc3Vncm91cC10aHVtYi1tZWQlMjB3cC1wb3N0LWltYWdlJTIyJTIwYWx0JTNEJTIyU2VndXJvJTIwZGUlMjBWaWRhJTIyJTNFJTNDZGl2JTIwY2xhc3MlM0QlMjJtYXNrJTIyJTNFJTNDJTJGZGl2JTNFJTNDYSUyMGhyZWYlM0QlMjJodHRwcyUzQSUyRiUyRm1heGlzZWd1cm9zLnB0JTJGaW5kZXgucGhwJTJGY290YWNvZXMlMkYlMjIlMjBhcmlhLWhpZGRlbiUzRCUyMnRydWUlMjIlMjBjbGFzcyUzRCUyMmljb25zJTIyJTNFJTNDc3BhbiUzRSUzQyUyRnNwYW4lM0UlM0NzcGFuJTNFJTNDJTJGc3BhbiUzRSUzQ3NwYW4lM0UlM0MlMkZzcGFuJTNFJTNDJTJGYSUzRSUzQyUyRmRpdiUzRSUzQ2RpdiUyMGNsYXNzJTNEJTIyc2NfYmxvZ2dlcl9pdGVtX2NvbnRlbnQlMjBlbnRyeS1jb250ZW50JTIyJTNFJTNDZGl2JTIwY2xhc3MlM0QlMjJzY19ibG9nZ2VyX2l0ZW1faGVhZGVyJTIwZW50cnktaGVhZGVyJTIyJTNFJTNDaDQlMjBjbGFzcyUzRCUyMnNjX2Jsb2dnZXJfaXRlbV90aXRsZSUyMGVudHJ5LXRpdGxlJTIyJTNFJTNDYSUyMGhyZWYlM0QlMjJodHRwcyUzQSUyRiUyRm1heGlzZWd1cm9zLnB0JTJGaW5kZXgucGhwJTJGY290YWNvZXMlMkYlMjIlMjByZWwlM0QlMjJib29rbWFyayUyMiUzRVNlZ3VybyUyMGRlJTIwVmlkYSUzQyUyRmElM0UlM0MlMkZoNCUzRSUzQ2RpdiUyMGNsYXNzJTNEJTIycG9zdF9tZXRhJTIyJTNFJTA5JTA5JTA5JTA5JTA5JTNDc3BhbiUyMGNsYXNzJTNEJTIycG9zdF9tZXRhX2l0ZW0lMjBwb3N0X2RhdGUlMjIlM0VNYWlvJTIwMjklMkMlMjAyMDE2JTNDJTJGc3BhbiUzRSUwQSUwOSUwOSUwOSUwOSUwOSUyMCUyMCUyMCUyMCUyMCUyMCUyMCUyMCUyMCUyMCUyMCUyMCUyMCUyMCUyMCUyMCUyMCUyMCUyMCUyMCUzQ3NwYW4lMjBjbGFzcyUzRCUyMnBvc3RfbWV0YV9pdGVtJTIwcG9zdF9jYXRlZ29yaWVzJTIyJTNFJTBBJTIwJTIwJTIwJTIwJTIwJTIwJTIwJTIwJTIwJTIwJTIwJTIwJTIwJTIwJTIwJTIwJTIwJTIwJTIwJTIwaW4lMjAlM0NhJTIwaHJlZiUzRCUyMmh0dHBzJTNBJTJGJTJGbWF4aXNlZ3Vyb3MucHQlMkZpbmRleC5waHAlMkZjYXRlZ29yeSUyRm91ci1wcm9qZWN0cyUyRiUyMiUyMHJlbCUzRCUyMmNhdGVnb3J5JTIwdGFnJTIyJTNFT3VyJTIwUHJvamVjdHMlM0MlMkZhJTNFJTIwJTIwJTIwJTIwJTIwJTIwJTIwJTIwJTIwJTIwJTIwJTIwJTIwJTIwJTIwJTIwJTIwJTIwJTIwJTIwJTNDJTJGc3BhbiUzRSUwQSUyMCUyMCUyMCUyMCUyMCUyMCUyMCUyMCUyMCUyMCUyMCUyMCUyMCUyMCUyMCUyMCUyMCUzQ2ElMjBocmVmJTNEJTIyaHR0cHMlM0ElMkYlMkZtYXhpc2VndXJvcy5wdCUyRmluZGV4LnBocCUyRmNvdGFjb2VzJTJGJTIyJTIwY2xhc3MlM0QlMjJwb3N0X21ldGFfaXRlbSUyMHBvc3RfY291bnRlcnNfaXRlbSUyMHBvc3RfY291bnRlcnNfY29tbWVudHMlMjB0cnhfYWRkb25zX2ljb24tY29tbWVudCUyMiUzRSUzQ3NwYW4lMjBjbGFzcyUzRCUyMnBvc3RfY291bnRlcnNfbnVtYmVyJTIyJTNFMCUzQyUyRnNwYW4lM0UlM0NzcGFuJTIwY2xhc3MlM0QlMjJwb3N0X2NvdW50ZXJzX2xhYmVsJTIyJTNFQ29tbWVudHMlM0MlMkZzcGFuJTNFJTNDJTJGYSUzRSUyMCUzQyUyRmRpdiUzRSUzQyUyMS0tJTIwLnBvc3RfbWV0YSUyMC0tJTNFJTNDJTJGZGl2JTNFJTNDJTIxLS0lMjAuZW50cnktaGVhZGVyJTIwLS0lM0UlM0NkaXYlMjBjbGFzcyUzRCUyMnNjX2Jsb2dnZXJfaXRlbV9leGNlcnB0JTIyJTNFJTBBJTA5JTA5JTA5JTA5JTNDZGl2JTIwY2xhc3MlM0QlMjJfaXRlbV9leGNlcnB0X3RleHQlMjIlM0UlMEElMDklMDklMDklMDklMDklM0NwJTNFQ29uaGUlQzMlQTdhJTIwYXMlMjBub3ZpZGFkZXMlMjBlbSUyMHNlZ3Vyb3MlMjBkZSUyMHZpZGEuJTIwJUMzJTg5JTIwaW1wb3J0YW50ZSUyMGVzdGFyJTIwcHJlcGFyYWRvJTIwcGFyYSUyMGFzJTIwaW1wcmV2aXNpYmlsaWRhZGVzJTIwZGElMjB2aWRhJTJDJTIwY29uaGUlQzMlQTdhJTIwYXMlMjBub3NzYXMlMjBwcm9wb3N0YXMuJTIwU29saWNpdGUlMjBqJUMzJUExJTIwdW1hJTIwc2ltdWxhJUMzJUE3JUMzJUEzby4lM0MlMkZwJTNFJTBBJTA5JTA5JTA5JTA5JTNDJTJGZGl2JTNFJTBBJTA5JTA5JTA5JTA5JTNDZGl2JTIwY2xhc3MlM0QlMjJzY19ibG9nZ2VyX2l0ZW1fbGluayUyMHNjX2l0ZW1fbGluayUyMiUzRSUzQ2ElMjBocmVmJTNEJTIyaHR0cHMlM0ElMkYlMkZtYXhpc2VndXJvcy5wdCUyRmluZGV4LnBocCUyRmNvdGFjb2VzJTJGJTIyJTIwY2xhc3MlM0QlMjJzY19idXR0b25fbGluayUyMiUzRSUzQyUyRmElM0UlM0MlMkZkaXYlM0UlM0MlMkZkaXYlM0UlM0MlMjEtLSUyMC5zY19ibG9nZ2VyX2l0ZW1fZXhjZXJwdCUyMC0tJTNFJTNDJTJGZGl2JTNFJTNDJTIxLS0lMjAuZW50cnktY29udGVudCUyMC0tJTNFJTNDJTJGZGl2JTNFJTNDJTIxLS0lMjAuc2NfYmxvZ2dlcl9pdGVtJTIwLS0lM0UlM0MlMkZkaXYlM0UlM0NkaXYlMjBjbGFzcyUzRCUyMnRyeF9hZGRvbnNfY29sdW1uLTFfMyUyMiUzRSUzQ2RpdiUyMGlkJTNEJTIycG9zdC0xOTYlMjIlMjBjbGFzcyUzRCUyMnNjX2Jsb2dnZXJfaXRlbSUyMHBvc3RfZm9ybWF0X3N0YW5kYXJkJTIwcG9zdC0xOTYlMjBwb3N0JTIwdHlwZS1wb3N0JTIwc3RhdHVzLXB1Ymxpc2glMjBmb3JtYXQtc3RhbmRhcmQlMjBoYXMtcG9zdC10aHVtYm5haWwlMjBoZW50cnklMjBjYXRlZ29yeS1vdXItcHJvamVjdHMlMjB0YWctZmluYW5jZSUyMHRhZy10cmF2ZWwlMjIlM0UlM0NkaXYlMjBjbGFzcyUzRCUyMnBvc3RfZmVhdHVyZWQlMjB3aXRoX3RodW1iJTIwaG92ZXJfZG90cyUyMHNjX2Jsb2dnZXJfaXRlbV9mZWF0dXJlZCUyMiUzRSUzQ2ltZyUyMHdpZHRoJTNEJTIyMzcwJTIyJTIwaGVpZ2h0JTNEJTIyMjcwJTIyJTIwc3JjJTNEJTIyaHR0cHMlM0ElMkYlMkZtYXhpc2VndXJvcy5wdCUyRndwLWNvbnRlbnQlMkZ1cGxvYWRzJTJGMjAxNiUyRjA1JTJGaW1hZ2UtMTAtMzcweDI3MC5qcGclMjIlMjBjbGFzcyUzRCUyMmF0dGFjaG1lbnQtaW5zdWdyb3VwLXRodW1iLW1lZCUyMHNpemUtaW5zdWdyb3VwLXRodW1iLW1lZCUyMHdwLXBvc3QtaW1hZ2UlMjIlMjBhbHQlM0QlMjJIYWJpdGElQzMlQTclQzMlQTNvJTIyJTNFJTNDZGl2JTIwY2xhc3MlM0QlMjJtYXNrJTIyJTNFJTNDJTJGZGl2JTNFJTNDYSUyMGhyZWYlM0QlMjJodHRwcyUzQSUyRiUyRm1heGlzZWd1cm9zLnB0JTJGaW5kZXgucGhwJTJGY290YWNvZXMlMkYlMjIlMjBhcmlhLWhpZGRlbiUzRCUyMnRydWUlMjIlMjBjbGFzcyUzRCUyMmljb25zJTIyJTNFJTNDc3BhbiUzRSUzQyUyRnNwYW4lM0UlM0NzcGFuJTNFJTNDJTJGc3BhbiUzRSUzQ3NwYW4lM0UlM0MlMkZzcGFuJTNFJTNDJTJGYSUzRSUzQyUyRmRpdiUzRSUzQ2RpdiUyMGNsYXNzJTNEJTIyc2NfYmxvZ2dlcl9pdGVtX2NvbnRlbnQlMjBlbnRyeS1jb250ZW50JTIyJTNFJTNDZGl2JTIwY2xhc3MlM0QlMjJzY19ibG9nZ2VyX2l0ZW1faGVhZGVyJTIwZW50cnktaGVhZGVyJTIyJTNFJTNDaDQlMjBjbGFzcyUzRCUyMnNjX2Jsb2dnZXJfaXRlbV90aXRsZSUyMGVudHJ5LXRpdGxlJTIyJTNFJTNDYSUyMGhyZWYlM0QlMjJodHRwcyUzQSUyRiUyRm1heGlzZWd1cm9zLnB0JTJGaW5kZXgucGhwJTJGY290YWNvZXMlMkYlMjIlMjByZWwlM0QlMjJib29rbWFyayUyMiUzRUhhYml0YSVDMyVBNyVDMyVBM28lM0MlMkZhJTNFJTNDJTJGaDQlM0UlM0NkaXYlMjBjbGFzcyUzRCUyMnBvc3RfbWV0YSUyMiUzRSUwOSUwOSUwOSUwOSUwOSUzQ3NwYW4lMjBjbGFzcyUzRCUyMnBvc3RfbWV0YV9pdGVtJTIwcG9zdF9kYXRlJTIyJTNFTWFpbyUyMDI5JTJDJTIwMjAxNiUzQyUyRnNwYW4lM0UlMEElMDklMDklMDklMDklMDklMjAlMjAlMjAlMjAlMjAlMjAlMjAlMjAlMjAlMjAlMjAlMjAlMjAlMjAlMjAlMjAlMjAlMjAlMjAlMjAlM0NzcGFuJTIwY2xhc3MlM0QlMjJwb3N0X21ldGFfaXRlbSUyMHBvc3RfY2F0ZWdvcmllcyUyMiUzRSUwQSUyMCUyMCUyMCUyMCUyMCUyMCUyMCUyMCUyMCUyMCUyMCUyMCUyMCUyMCUyMCUyMCUyMCUyMCUyMCUyMGluJTIwJTNDYSUyMGhyZWYlM0QlMjJodHRwcyUzQSUyRiUyRm1heGlzZWd1cm9zLnB0JTJGaW5kZXgucGhwJTJGY2F0ZWdvcnklMkZvdXItcHJvamVjdHMlMkYlMjIlMjByZWwlM0QlMjJjYXRlZ29yeSUyMHRhZyUyMiUzRU91ciUyMFByb2plY3RzJTNDJTJGYSUzRSUyMCUyMCUyMCUyMCUyMCUyMCUyMCUyMCUyMCUyMCUyMCUyMCUyMCUyMCUyMCUyMCUyMCUyMCUyMCUyMCUzQyUyRnNwYW4lM0UlMEElMjAlMjAlMjAlMjAlMjAlMjAlMjAlMjAlMjAlMjAlMjAlMjAlMjAlMjAlMjAlMjAlMjAlM0NhJTIwaHJlZiUzRCUyMmh0dHBzJTNBJTJGJTJGbWF4aXNlZ3Vyb3MucHQlMkZpbmRleC5waHAlMkZjb3RhY29lcyUyRiUyMiUyMGNsYXNzJTNEJTIycG9zdF9tZXRhX2l0ZW0lMjBwb3N0X2NvdW50ZXJzX2l0ZW0lMjBwb3N0X2NvdW50ZXJzX2NvbW1lbnRzJTIwdHJ4X2FkZG9uc19pY29uLWNvbW1lbnQlMjIlM0UlM0NzcGFuJTIwY2xhc3MlM0QlMjJwb3N0X2NvdW50ZXJzX251bWJlciUyMiUzRTAlM0MlMkZzcGFuJTNFJTNDc3BhbiUyMGNsYXNzJTNEJTIycG9zdF9jb3VudGVyc19sYWJlbCUyMiUzRUNvbW1lbnRzJTNDJTJGc3BhbiUzRSUzQyUyRmElM0UlMjAlM0MlMkZkaXYlM0UlM0MlMjEtLSUyMC5wb3N0X21ldGElMjAtLSUzRSUzQyUyRmRpdiUzRSUzQyUyMS0tJTIwLmVudHJ5LWhlYWRlciUyMC0tJTNFJTNDZGl2JTIwY2xhc3MlM0QlMjJzY19ibG9nZ2VyX2l0ZW1fZXhjZXJwdCUyMiUzRSUwQSUwOSUwOSUwOSUwOSUzQ2RpdiUyMGNsYXNzJTNEJTIyX2l0ZW1fZXhjZXJwdF90ZXh0JTIyJTNFJTBBJTA5JTA5JTA5JTA5JTA5JTNDcCUzRU9zJTIwc2VndXJvcyUyMGRlJTIwaGFiaXRhJUMzJUE3JUMzJUEzbyUyMHMlQzMlQTNvJTIwdW1hJTIwZ2FyYW50aWElMjBwYXJhJTIwc2klMjBlJTIwcGFyYSUyMGElMjBzdWElMjBmYW0lQzMlQURsaWEuJTIwQ2FkYSUyMHNlZ3VybyUyMCVDMyVBOSUyMGZsZXglQzMlQUR2ZWwlMjBlJTIwcGVyc29uYWxpeiVDMyVBMXZlbCUyQyUyMGNvbSUyMGRpdmVyc29zJTIwbSVDMyVCM2R1bG9zLiUyMFNvbGljaXRlJTIwaiVDMyVBMSUyMHVtYSUyMHNpbXVsYSVDMyVBNyVDMyVBM28uJTNDJTJGcCUzRSUwQSUwOSUwOSUwOSUwOSUzQyUyRmRpdiUzRSUwQSUwOSUwOSUwOSUwOSUzQ2RpdiUyMGNsYXNzJTNEJTIyc2NfYmxvZ2dlcl9pdGVtX2xpbmslMjBzY19pdGVtX2xpbmslMjIlM0UlM0NhJTIwaHJlZiUzRCUyMmh0dHBzJTNBJTJGJTJGbWF4aXNlZ3Vyb3MucHQlMkZpbmRleC5waHAlMkZjb3RhY29lcyUyRiUyMiUyMGNsYXNzJTNEJTIyc2NfYnV0dG9uX2xpbmslMjIlM0UlM0MlMkZhJTNFJTNDJTJGZGl2JTNFJTNDJTJGZGl2JTNFJTNDJTIxLS0lMjAuc2NfYmxvZ2dlcl9pdGVtX2V4Y2VycHQlMjAtLSUzRSUzQyUyRmRpdiUzRSUzQyUyMS0tJTIwLmVudHJ5LWNvbnRlbnQlMjAtLSUzRSUzQyUyRmRpdiUzRSUzQyUyMS0tJTIwLnNjX2Jsb2dnZXJfaXRlbSUyMC0tJTNFJTNDJTJGZGl2JTNFJTNDJTJGZGl2JTNFJTNDJTJGZGl2JTNFJTBBJTA5JTA5JTA5JTA5[\/vc_raw_html][\/vc_column][\/vc_row]<\/p>\n<\/section>","protected":false},"excerpt":{"rendered":"<p>[vc_row][vc_column][vc_column_text] DESEJA PARTICIPAR UM SINISTRO? Em caso de algum acidente\u00a0poder\u00e1 comunicar connosco online, via computador, tablet ou at\u00e9 telem\u00f3vel. Poder\u00e1 tamb\u00e9m ligar para n\u00f3s. Tratamos dos seus assuntos como se fossem nossos, pode contar com a nossa celeridade e m\u00e1ximo&hellip;<\/p>\n","protected":false},"author":1,"featured_media":0,"parent":0,"menu_order":0,"comment_status":"closed","ping_status":"closed","template":"","meta":{"footnotes":""},"_links":{"self":[{"href":"https:\/\/maxiseguros.pt\/index.php\/wp-json\/wp\/v2\/pages\/1452"}],"collection":[{"href":"https:\/\/maxiseguros.pt\/index.php\/wp-json\/wp\/v2\/pages"}],"about":[{"href":"https:\/\/maxiseguros.pt\/index.php\/wp-json\/wp\/v2\/types\/page"}],"author":[{"embeddable":true,"href":"https:\/\/maxiseguros.pt\/index.php\/wp-json\/wp\/v2\/users\/1"}],"replies":[{"embeddable":true,"href":"https:\/\/maxiseguros.pt\/index.php\/wp-json\/wp\/v2\/comments?post=1452"}],"version-history":[{"count":22,"href":"https:\/\/maxiseguros.pt\/index.php\/wp-json\/wp\/v2\/pages\/1452\/revisions"}],"predecessor-version":[{"id":2006,"href":"https:\/\/maxiseguros.pt\/index.php\/wp-json\/wp\/v2\/pages\/1452\/revisions\/2006"}],"wp:attachment":[{"href":"https:\/\/maxiseguros.pt\/index.php\/wp-json\/wp\/v2\/media?parent=1452"}],"curies":[{"name":"wp","href":"https:\/\/api.w.org\/{rel}","templated":true}]}}