{"id":1485,"date":"2019-11-11T23:42:31","date_gmt":"2019-11-11T23:42:31","guid":{"rendered":"https:\/\/maxiseguros.pt\/?page_id=1485"},"modified":"2023-07-20T06:25:34","modified_gmt":"2023-07-20T06:25:34","slug":"links-uteis","status":"publish","type":"page","link":"https:\/\/maxiseguros.pt\/index.php\/links-uteis\/","title":{"rendered":"Links \u00dateis"},"content":{"rendered":"<section class=\"wpb-content-wrapper\"><p>[vc_row][vc_column][vc_column_text]<\/p>\n<p style=\"text-align: center;\"><span style=\"font-family: Arial;\">Selecionamos um conjunto de links que poder\u00e3o ajudar-lhe a esclarecer certas situa\u00e7\u00f5es importantes, mantenha-se informado(a) e conhe\u00e7a os melhores procedimentos.<br \/>\nN\u00e3o hesite, entre em <a href=\"https:\/\/maxiseguros.pt\/index.php\/contacts\/\">contacto<\/a> connosco,\u00a0<\/span>p<span style=\"font-family: Arial;\">ara qualquer quest\u00e3o adicional.<\/span><span style=\"font-family: Arial;\"><br \/>\n<\/span><span style=\"font-family: Arial;\">Na\u00a0<b>Maxiseguros<\/b>\u00a0tratamos dos seus assuntos como se fossem nossos.<\/span><\/p>\n<p>[\/vc_column_text][\/vc_column][\/vc_row][vc_row content_placement=&#8221;middle&#8221;][vc_column width=&#8221;1\/2&#8243;][vc_column_text]<a href=\"http:\/\/www.imt-ip.pt\/sites\/IMTT\/Portugues\/Paginas\/IMTHome.aspx\" target=\"_blank\" rel=\"noopener noreferrer\">IMT<\/a> \u2013 Instituto da Mobilidade e dos Transportes<\/p>\n<p><a href=\"https:\/\/www.cimpas.pt\/pt\" target=\"_blank\" rel=\"noopener noreferrer\">CIMPAS<\/a> &#8211; Centro de informa\u00e7\u00e3o, Media\u00e7\u00e3o e Arbitragens de Seguros<\/p>\n<p><a href=\"http:\/\/www.aprose.pt\/\" target=\"_blank\" rel=\"noopener noreferrer\">APROSE<\/a> \u2013 Associa\u00e7\u00e3o dos Produtores Profissionais de Seguros<\/p>\n<p><a href=\"https:\/\/www.asf.com.pt\/\" target=\"_blank\" rel=\"noopener noreferrer\">ASF<\/a> &#8211; Autoridade de supervis\u00e3o de seguros e fundos de pens\u00f5es<\/p>\n<p><a href=\"http:\/\/www.ansr.pt\/\" target=\"_blank\" rel=\"noopener noreferrer\">ANSR<\/a> &#8211; Autoridade nacional de seguran\u00e7a rodovi\u00e1ria<\/p>\n<p><a href=\"http:\/\/www.apseguradores.pt\/\" target=\"_blank\" rel=\"noopener noreferrer\">APS<\/a> &#8211; Associa\u00e7\u00e3o Portuguesa de Seguradores[\/vc_column_text][\/vc_column][vc_column width=&#8221;1\/2&#8243;][vc_single_image image=&#8221;908&#8243; img_size=&#8221;full&#8221; alignment=&#8221;center&#8221;][\/vc_column][\/vc_row][vc_row css_animation=&#8221;slideInUp&#8221;][vc_column][vc_empty_space height=&#8221;6.5714em&#8221; alter_height=&#8221;none&#8221; hide_on_mobile=&#8221;&#8221;][vc_raw_html]JTNDZGl2JTIwY2xhc3MlM0QlMjJzY19ibG9nZ2VyJTIwc2NfYmxvZ2dlcl9jbGFzc2ljJTIyJTIwZGF0YS1zbGlkZXMtcGVyLXZpZXclM0QlMjIzJTIyJTIwZGF0YS1zbGlkZXMtbWluLXdpZHRoJTNEJTIyMTUwJTIyJTNFJTBBJTA5JTA5JTNDaDIlMjBjbGFzcyUzRCUyMnNjX2l0ZW1fdGl0bGUlMjBzY19ibG9nZ2VyX3RpdGxlJTIwc2NfYWxpZ25fY2VudGVyJTIwc2NfaXRlbV90aXRsZV9zdHlsZV9kZWZhdWx0JTIyJTNFRW0lMjBEZXN0YXF1ZSUzQyUyRmgyJTNFJTNDZGl2JTIwY2xhc3MlM0QlMjJzY19pdGVtX2Rlc2NyJTIwc2NfYmxvZ2dlcl9kZXNjciUyMHNjX2FsaWduX2NlbnRlciUyMiUzRUFzJTIwbWFpcyUyMHJlY2VudGVzJTIwbm92aWRhZGVzJTJDJTIwcGFyYSUyMHF1ZSUyMG51bmNhJTIwcGVyY2ElMjBhJTIwb3BvcnR1bmlkYWRlJTIwZGUlMjBjb250aW51YXIlMjBhJTIwcG91cGFyJTJDJTIwc2VtJTIwcGVyZGVyJTIwYSUyMHNlZ3VyYW4lQzMlQTdhJTIwbSVDMyVBMXhpbWElMjBkbyUyMHNldSUyMHNlZ3VybyUyMSUzQyUyRmRpdiUzRSUzQ2RpdiUyMGNsYXNzJTNEJTIyc2NfYmxvZ2dlcl9jb2x1bW5zJTIwc2NfaXRlbV9jb2x1bW5zJTIwdHJ4X2FkZG9uc19jb2x1bW5zX3dyYXAlMjBjb2x1bW5zX3BhZGRpbmdfYm90dG9tJTIyJTNFJTNDZGl2JTIwY2xhc3MlM0QlMjJ0cnhfYWRkb25zX2NvbHVtbi0xXzMlMjIlM0UlM0NkaXYlMjBpZCUzRCUyMnBvc3QtMTk0JTIyJTIwY2xhc3MlM0QlMjJzY19ibG9nZ2VyX2l0ZW0lMjBwb3N0X2Zvcm1hdF9zdGFuZGFyZCUyMHBvc3QtMTk0JTIwcG9zdCUyMHR5cGUtcG9zdCUyMHN0YXR1cy1wdWJsaXNoJTIwZm9ybWF0LXN0YW5kYXJkJTIwaGFzLXBvc3QtdGh1bWJuYWlsJTIwaGVudHJ5JTIwY2F0ZWdvcnktb3VyLXByb2plY3RzJTIwdGFnLWZpbmFuY2UlMjB0YWctdHJhdmVsJTIyJTNFJTNDZGl2JTIwY2xhc3MlM0QlMjJwb3N0X2ZlYXR1cmVkJTIwd2l0aF90aHVtYiUyMGhvdmVyX2RvdHMlMjBzY19ibG9nZ2VyX2l0ZW1fZmVhdHVyZWQlMjIlM0UlM0NpbWclMjB3aWR0aCUzRCUyMjM3MCUyMiUyMGhlaWdodCUzRCUyMjI3MCUyMiUyMHNyYyUzRCUyMmh0dHBzJTNBJTJGJTJGbWF4aXNlZ3Vyb3MucHQlMkZ3cC1jb250ZW50JTJGdXBsb2FkcyUyRjIwMTYlMkYwOSUyRmltYWdlLTMtMzcweDI3MC5qcGclMjIlMjBjbGFzcyUzRCUyMmF0dGFjaG1lbnQtaW5zdWdyb3VwLXRodW1iLW1lZCUyMHNpemUtaW5zdWdyb3VwLXRodW1iLW1lZCUyMHdwLXBvc3QtaW1hZ2UlMjIlMjBhbHQlM0QlMjJTZWd1cm8lMjBkZSUyMFNhJUMzJUJBZGUlMjIlM0UlM0NkaXYlMjBjbGFzcyUzRCUyMm1hc2slMjIlM0UlM0MlMkZkaXYlM0UlM0NhJTIwaHJlZiUzRCUyMmh0dHBzJTNBJTJGJTJGbWF4aXNlZ3Vyb3MucHQlMkZpbmRleC5waHAlMkZjb3RhY29lcyUyRiUyMiUyMGFyaWEtaGlkZGVuJTNEJTIydHJ1ZSUyMiUyMGNsYXNzJTNEJTIyaWNvbnMlMjIlM0UlM0NzcGFuJTNFJTNDJTJGc3BhbiUzRSUzQ3NwYW4lM0UlM0MlMkZzcGFuJTNFJTNDc3BhbiUzRSUzQyUyRnNwYW4lM0UlM0MlMkZhJTNFJTNDJTJGZGl2JTNFJTNDZGl2JTIwY2xhc3MlM0QlMjJzY19ibG9nZ2VyX2l0ZW1fY29udGVudCUyMGVudHJ5LWNvbnRlbnQlMjIlM0UlM0NkaXYlMjBjbGFzcyUzRCUyMnNjX2Jsb2dnZXJfaXRlbV9oZWFkZXIlMjBlbnRyeS1oZWFkZXIlMjIlM0UlM0NoNCUyMGNsYXNzJTNEJTIyc2NfYmxvZ2dlcl9pdGVtX3RpdGxlJTIwZW50cnktdGl0bGUlMjIlM0UlM0NhJTIwaHJlZiUzRCUyMmh0dHBzJTNBJTJGJTJGbWF4aXNlZ3Vyb3MucHQlMkZpbmRleC5waHAlMkZjb3RhY29lcyUyRiUyMiUyMHJlbCUzRCUyMmJvb2ttYXJrJTIyJTNFU2VndXJvJTIwZGUlMjBTYSVDMyVCQWRlJTNDJTJGYSUzRSUzQyUyRmg0JTNFJTNDZGl2JTIwY2xhc3MlM0QlMjJwb3N0X21ldGElMjIlM0UlMDklMDklMDklMDklMDklM0NzcGFuJTIwY2xhc3MlM0QlMjJwb3N0X21ldGFfaXRlbSUyMHBvc3RfZGF0ZSUyMiUzRU1haW8lMjAyOSUyQyUyMDIwMTYlM0MlMkZzcGFuJTNFJTBBJTA5JTA5JTA5JTA5JTA5JTIwJTIwJTIwJTIwJTIwJTIwJTIwJTIwJTIwJTIwJTIwJTIwJTIwJTIwJTIwJTIwJTIwJTIwJTIwJTIwJTNDc3BhbiUyMGNsYXNzJTNEJTIycG9zdF9tZXRhX2l0ZW0lMjBwb3N0X2NhdGVnb3JpZXMlMjIlM0UlMEElMjAlMjAlMjAlMjAlMjAlMjAlMjAlMjAlMjAlMjAlMjAlMjAlMjAlMjAlMjAlMjAlMjAlMjAlMjAlMjBpbiUyMCUzQ2ElMjBocmVmJTNEJTIyaHR0cHMlM0ElMkYlMkZtYXhpc2VndXJvcy5wdCUyRmluZGV4LnBocCUyRmNhdGVnb3J5JTJGb3VyLXByb2plY3RzJTJGJTIyJTIwcmVsJTNEJTIyY2F0ZWdvcnklMjB0YWclMjIlM0VPdXIlMjBQcm9qZWN0cyUzQyUyRmElM0UlMjAlMjAlMjAlMjAlMjAlMjAlMjAlMjAlMjAlMjAlMjAlMjAlMjAlMjAlMjAlMjAlMjAlMjAlMjAlMjAlM0MlMkZzcGFuJTNFJTBBJTIwJTIwJTIwJTIwJTIwJTIwJTIwJTIwJTIwJTIwJTIwJTIwJTIwJTIwJTIwJTIwJTIwJTNDYSUyMGhyZWYlM0QlMjJodHRwcyUzQSUyRiUyRm1heGlzZWd1cm9zLnB0JTJGaW5kZXgucGhwJTJGY290YWNvZXMlMkYlMjIlMjBjbGFzcyUzRCUyMnBvc3RfbWV0YV9pdGVtJTIwcG9zdF9jb3VudGVyc19pdGVtJTIwcG9zdF9jb3VudGVyc19jb21tZW50cyUyMHRyeF9hZGRvbnNfaWNvbi1jb21tZW50JTIyJTNFJTNDc3BhbiUyMGNsYXNzJTNEJTIycG9zdF9jb3VudGVyc19udW1iZXIlMjIlM0UwJTNDJTJGc3BhbiUzRSUzQ3NwYW4lMjBjbGFzcyUzRCUyMnBvc3RfY291bnRlcnNfbGFiZWwlMjIlM0VDb21tZW50cyUzQyUyRnNwYW4lM0UlM0MlMkZhJTNFJTIwJTNDJTJGZGl2JTNFJTNDJTIxLS0lMjAucG9zdF9tZXRhJTIwLS0lM0UlM0MlMkZkaXYlM0UlM0MlMjEtLSUyMC5lbnRyeS1oZWFkZXIlMjAtLSUzRSUzQ2RpdiUyMGNsYXNzJTNEJTIyc2NfYmxvZ2dlcl9pdGVtX2V4Y2VycHQlMjIlM0UlMEElMDklMDklMDklMDklM0NkaXYlMjBjbGFzcyUzRCUyMl9pdGVtX2V4Y2VycHRfdGV4dCUyMiUzRSUwQSUwOSUwOSUwOSUwOSUwOSUzQ3AlM0VDb25oZSVDMyVBN2ElMjBhcyUyMG5vdmlkYWRlcyUyMGVtJTIwb2ZlcnRhcyUyMGRlJTIwc2VndXJvcyUyMGRlJTIwc2ElQzMlQkFkZSUyQyUyMGFsZ3VucyUyMGVzcGVjaWFsbWVudGUlMjBkZXNlbmhhZG9zJTIwcGFyYSUyMGElMjBtZWxob3IlMjBmYXNlJTIwZGElMjBzdWElMjB2aWRhJTJDJTIwc2VndXJvcyUyMHMlQzMlQTluaW9yZXMuJTIwU29saWNpdGUlMjBqJUMzJUExJTIwdW1hJTIwc2ltdWxhJUMzJUE3JUMzJUEzbyUzQyUyRnAlM0UlMEElMDklMDklMDklMDklM0MlMkZkaXYlM0UlMEElMDklMDklMDklMDklM0NkaXYlMjBjbGFzcyUzRCUyMnNjX2Jsb2dnZXJfaXRlbV9saW5rJTIwc2NfaXRlbV9saW5rJTIyJTNFJTNDYSUyMGhyZWYlM0QlMjJodHRwcyUzQSUyRiUyRm1heGlzZWd1cm9zLnB0JTJGaW5kZXgucGhwJTJGY290YWNvZXMlMkYlMjIlMjBjbGFzcyUzRCUyMnNjX2J1dHRvbl9saW5rJTIyJTNFJTNDJTJGYSUzRSUzQyUyRmRpdiUzRSUzQyUyRmRpdiUzRSUzQyUyMS0tJTIwLnNjX2Jsb2dnZXJfaXRlbV9leGNlcnB0JTIwLS0lM0UlM0MlMkZkaXYlM0UlM0MlMjEtLSUyMC5lbnRyeS1jb250ZW50JTIwLS0lM0UlM0MlMkZkaXYlM0UlM0MlMjEtLSUyMC5zY19ibG9nZ2VyX2l0ZW0lMjAtLSUzRSUzQyUyRmRpdiUzRSUzQ2RpdiUyMGNsYXNzJTNEJTIydHJ4X2FkZG9uc19jb2x1bW4tMV8zJTIyJTNFJTNDZGl2JTIwaWQlM0QlMjJwb3N0LTE5NSUyMiUyMGNsYXNzJTNEJTIyc2NfYmxvZ2dlcl9pdGVtJTIwcG9zdF9mb3JtYXRfc3RhbmRhcmQlMjBwb3N0LTE5NSUyMHBvc3QlMjB0eXBlLXBvc3QlMjBzdGF0dXMtcHVibGlzaCUyMGZvcm1hdC1zdGFuZGFyZCUyMGhhcy1wb3N0LXRodW1ibmFpbCUyMGhlbnRyeSUyMGNhdGVnb3J5LW91ci1wcm9qZWN0cyUyMHRhZy1maW5hbmNlJTIwdGFnLXRyYXZlbCUyMiUzRSUzQ2RpdiUyMGNsYXNzJTNEJTIycG9zdF9mZWF0dXJlZCUyMHdpdGhfdGh1bWIlMjBob3Zlcl9kb3RzJTIwc2NfYmxvZ2dlcl9pdGVtX2ZlYXR1cmVkJTIyJTNFJTNDaW1nJTIwd2lkdGglM0QlMjIzNzAlMjIlMjBoZWlnaHQlM0QlMjIyNzAlMjIlMjBzcmMlM0QlMjJodHRwcyUzQSUyRiUyRm1heGlzZWd1cm9zLnB0JTJGd3AtY29udGVudCUyRnVwbG9hZHMlMkYyMDE2JTJGMDUlMkZpbWFnZS05LTM3MHgyNzAuanBnJTIyJTIwY2xhc3MlM0QlMjJhdHRhY2htZW50LWluc3Vncm91cC10aHVtYi1tZWQlMjBzaXplLWluc3Vncm91cC10aHVtYi1tZWQlMjB3cC1wb3N0LWltYWdlJTIyJTIwYWx0JTNEJTIyU2VndXJvJTIwZGUlMjBWaWRhJTIyJTNFJTNDZGl2JTIwY2xhc3MlM0QlMjJtYXNrJTIyJTNFJTNDJTJGZGl2JTNFJTNDYSUyMGhyZWYlM0QlMjJodHRwcyUzQSUyRiUyRm1heGlzZWd1cm9zLnB0JTJGaW5kZXgucGhwJTJGY290YWNvZXMlMkYlMjIlMjBhcmlhLWhpZGRlbiUzRCUyMnRydWUlMjIlMjBjbGFzcyUzRCUyMmljb25zJTIyJTNFJTNDc3BhbiUzRSUzQyUyRnNwYW4lM0UlM0NzcGFuJTNFJTNDJTJGc3BhbiUzRSUzQ3NwYW4lM0UlM0MlMkZzcGFuJTNFJTNDJTJGYSUzRSUzQyUyRmRpdiUzRSUzQ2RpdiUyMGNsYXNzJTNEJTIyc2NfYmxvZ2dlcl9pdGVtX2NvbnRlbnQlMjBlbnRyeS1jb250ZW50JTIyJTNFJTNDZGl2JTIwY2xhc3MlM0QlMjJzY19ibG9nZ2VyX2l0ZW1faGVhZGVyJTIwZW50cnktaGVhZGVyJTIyJTNFJTNDaDQlMjBjbGFzcyUzRCUyMnNjX2Jsb2dnZXJfaXRlbV90aXRsZSUyMGVudHJ5LXRpdGxlJTIyJTNFJTNDYSUyMGhyZWYlM0QlMjJodHRwcyUzQSUyRiUyRm1heGlzZWd1cm9zLnB0JTJGaW5kZXgucGhwJTJGY290YWNvZXMlMkYlMjIlMjByZWwlM0QlMjJib29rbWFyayUyMiUzRVNlZ3VybyUyMGRlJTIwVmlkYSUzQyUyRmElM0UlM0MlMkZoNCUzRSUzQ2RpdiUyMGNsYXNzJTNEJTIycG9zdF9tZXRhJTIyJTNFJTA5JTA5JTA5JTA5JTA5JTNDc3BhbiUyMGNsYXNzJTNEJTIycG9zdF9tZXRhX2l0ZW0lMjBwb3N0X2RhdGUlMjIlM0VNYWlvJTIwMjklMkMlMjAyMDE2JTNDJTJGc3BhbiUzRSUwQSUwOSUwOSUwOSUwOSUwOSUyMCUyMCUyMCUyMCUyMCUyMCUyMCUyMCUyMCUyMCUyMCUyMCUyMCUyMCUyMCUyMCUyMCUyMCUyMCUyMCUzQ3NwYW4lMjBjbGFzcyUzRCUyMnBvc3RfbWV0YV9pdGVtJTIwcG9zdF9jYXRlZ29yaWVzJTIyJTNFJTBBJTIwJTIwJTIwJTIwJTIwJTIwJTIwJTIwJTIwJTIwJTIwJTIwJTIwJTIwJTIwJTIwJTIwJTIwJTIwJTIwaW4lMjAlM0NhJTIwaHJlZiUzRCUyMmh0dHBzJTNBJTJGJTJGbWF4aXNlZ3Vyb3MucHQlMkZpbmRleC5waHAlMkZjYXRlZ29yeSUyRm91ci1wcm9qZWN0cyUyRiUyMiUyMHJlbCUzRCUyMmNhdGVnb3J5JTIwdGFnJTIyJTNFT3VyJTIwUHJvamVjdHMlM0MlMkZhJTNFJTIwJTIwJTIwJTIwJTIwJTIwJTIwJTIwJTIwJTIwJTIwJTIwJTIwJTIwJTIwJTIwJTIwJTIwJTIwJTIwJTNDJTJGc3BhbiUzRSUwQSUyMCUyMCUyMCUyMCUyMCUyMCUyMCUyMCUyMCUyMCUyMCUyMCUyMCUyMCUyMCUyMCUyMCUzQ2ElMjBocmVmJTNEJTIyaHR0cHMlM0ElMkYlMkZtYXhpc2VndXJvcy5wdCUyRmluZGV4LnBocCUyRmNvdGFjb2VzJTJGJTIyJTIwY2xhc3MlM0QlMjJwb3N0X21ldGFfaXRlbSUyMHBvc3RfY291bnRlcnNfaXRlbSUyMHBvc3RfY291bnRlcnNfY29tbWVudHMlMjB0cnhfYWRkb25zX2ljb24tY29tbWVudCUyMiUzRSUzQ3NwYW4lMjBjbGFzcyUzRCUyMnBvc3RfY291bnRlcnNfbnVtYmVyJTIyJTNFMCUzQyUyRnNwYW4lM0UlM0NzcGFuJTIwY2xhc3MlM0QlMjJwb3N0X2NvdW50ZXJzX2xhYmVsJTIyJTNFQ29tbWVudHMlM0MlMkZzcGFuJTNFJTNDJTJGYSUzRSUyMCUzQyUyRmRpdiUzRSUzQyUyMS0tJTIwLnBvc3RfbWV0YSUyMC0tJTNFJTNDJTJGZGl2JTNFJTNDJTIxLS0lMjAuZW50cnktaGVhZGVyJTIwLS0lM0UlM0NkaXYlMjBjbGFzcyUzRCUyMnNjX2Jsb2dnZXJfaXRlbV9leGNlcnB0JTIyJTNFJTBBJTA5JTA5JTA5JTA5JTNDZGl2JTIwY2xhc3MlM0QlMjJfaXRlbV9leGNlcnB0X3RleHQlMjIlM0UlMEElMDklMDklMDklMDklMDklM0NwJTNFQ29uaGUlQzMlQTdhJTIwYXMlMjBub3ZpZGFkZXMlMjBlbSUyMHNlZ3Vyb3MlMjBkZSUyMHZpZGEuJTIwJUMzJTg5JTIwaW1wb3J0YW50ZSUyMGVzdGFyJTIwcHJlcGFyYWRvJTIwcGFyYSUyMGFzJTIwaW1wcmV2aXNpYmlsaWRhZGVzJTIwZGElMjB2aWRhJTJDJTIwY29uaGUlQzMlQTdhJTIwYXMlMjBub3NzYXMlMjBwcm9wb3N0YXMuJTIwU29saWNpdGUlMjBqJUMzJUExJTIwdW1hJTIwc2ltdWxhJUMzJUE3JUMzJUEzby4lM0MlMkZwJTNFJTBBJTA5JTA5JTA5JTA5JTNDJTJGZGl2JTNFJTBBJTA5JTA5JTA5JTA5JTNDZGl2JTIwY2xhc3MlM0QlMjJzY19ibG9nZ2VyX2l0ZW1fbGluayUyMHNjX2l0ZW1fbGluayUyMiUzRSUzQ2ElMjBocmVmJTNEJTIyaHR0cHMlM0ElMkYlMkZtYXhpc2VndXJvcy5wdCUyRmluZGV4LnBocCUyRmNvdGFjb2VzJTJGJTIyJTIwY2xhc3MlM0QlMjJzY19idXR0b25fbGluayUyMiUzRSUzQyUyRmElM0UlM0MlMkZkaXYlM0UlM0MlMkZkaXYlM0UlM0MlMjEtLSUyMC5zY19ibG9nZ2VyX2l0ZW1fZXhjZXJwdCUyMC0tJTNFJTNDJTJGZGl2JTNFJTNDJTIxLS0lMjAuZW50cnktY29udGVudCUyMC0tJTNFJTNDJTJGZGl2JTNFJTNDJTIxLS0lMjAuc2NfYmxvZ2dlcl9pdGVtJTIwLS0lM0UlM0MlMkZkaXYlM0UlM0NkaXYlMjBjbGFzcyUzRCUyMnRyeF9hZGRvbnNfY29sdW1uLTFfMyUyMiUzRSUzQ2RpdiUyMGlkJTNEJTIycG9zdC0xOTYlMjIlMjBjbGFzcyUzRCUyMnNjX2Jsb2dnZXJfaXRlbSUyMHBvc3RfZm9ybWF0X3N0YW5kYXJkJTIwcG9zdC0xOTYlMjBwb3N0JTIwdHlwZS1wb3N0JTIwc3RhdHVzLXB1Ymxpc2glMjBmb3JtYXQtc3RhbmRhcmQlMjBoYXMtcG9zdC10aHVtYm5haWwlMjBoZW50cnklMjBjYXRlZ29yeS1vdXItcHJvamVjdHMlMjB0YWctZmluYW5jZSUyMHRhZy10cmF2ZWwlMjIlM0UlM0NkaXYlMjBjbGFzcyUzRCUyMnBvc3RfZmVhdHVyZWQlMjB3aXRoX3RodW1iJTIwaG92ZXJfZG90cyUyMHNjX2Jsb2dnZXJfaXRlbV9mZWF0dXJlZCUyMiUzRSUzQ2ltZyUyMHdpZHRoJTNEJTIyMzcwJTIyJTIwaGVpZ2h0JTNEJTIyMjcwJTIyJTIwc3JjJTNEJTIyaHR0cHMlM0ElMkYlMkZtYXhpc2VndXJvcy5wdCUyRndwLWNvbnRlbnQlMkZ1cGxvYWRzJTJGMjAxNiUyRjA1JTJGaW1hZ2UtMTAtMzcweDI3MC5qcGclMjIlMjBjbGFzcyUzRCUyMmF0dGFjaG1lbnQtaW5zdWdyb3VwLXRodW1iLW1lZCUyMHNpemUtaW5zdWdyb3VwLXRodW1iLW1lZCUyMHdwLXBvc3QtaW1hZ2UlMjIlMjBhbHQlM0QlMjJIYWJpdGElQzMlQTclQzMlQTNvJTIyJTNFJTNDZGl2JTIwY2xhc3MlM0QlMjJtYXNrJTIyJTNFJTNDJTJGZGl2JTNFJTNDYSUyMGhyZWYlM0QlMjJodHRwcyUzQSUyRiUyRm1heGlzZWd1cm9zLnB0JTJGaW5kZXgucGhwJTJGY290YWNvZXMlMkYlMjIlMjBhcmlhLWhpZGRlbiUzRCUyMnRydWUlMjIlMjBjbGFzcyUzRCUyMmljb25zJTIyJTNFJTNDc3BhbiUzRSUzQyUyRnNwYW4lM0UlM0NzcGFuJTNFJTNDJTJGc3BhbiUzRSUzQ3NwYW4lM0UlM0MlMkZzcGFuJTNFJTNDJTJGYSUzRSUzQyUyRmRpdiUzRSUzQ2RpdiUyMGNsYXNzJTNEJTIyc2NfYmxvZ2dlcl9pdGVtX2NvbnRlbnQlMjBlbnRyeS1jb250ZW50JTIyJTNFJTNDZGl2JTIwY2xhc3MlM0QlMjJzY19ibG9nZ2VyX2l0ZW1faGVhZGVyJTIwZW50cnktaGVhZGVyJTIyJTNFJTNDaDQlMjBjbGFzcyUzRCUyMnNjX2Jsb2dnZXJfaXRlbV90aXRsZSUyMGVudHJ5LXRpdGxlJTIyJTNFJTNDYSUyMGhyZWYlM0QlMjJodHRwcyUzQSUyRiUyRm1heGlzZWd1cm9zLnB0JTJGaW5kZXgucGhwJTJGY290YWNvZXMlMkYlMjIlMjByZWwlM0QlMjJib29rbWFyayUyMiUzRUhhYml0YSVDMyVBNyVDMyVBM28lM0MlMkZhJTNFJTNDJTJGaDQlM0UlM0NkaXYlMjBjbGFzcyUzRCUyMnBvc3RfbWV0YSUyMiUzRSUwOSUwOSUwOSUwOSUwOSUzQ3NwYW4lMjBjbGFzcyUzRCUyMnBvc3RfbWV0YV9pdGVtJTIwcG9zdF9kYXRlJTIyJTNFTWFpbyUyMDI5JTJDJTIwMjAxNiUzQyUyRnNwYW4lM0UlMEElMDklMDklMDklMDklMDklMjAlMjAlMjAlMjAlMjAlMjAlMjAlMjAlMjAlMjAlMjAlMjAlMjAlMjAlMjAlMjAlMjAlMjAlMjAlMjAlM0NzcGFuJTIwY2xhc3MlM0QlMjJwb3N0X21ldGFfaXRlbSUyMHBvc3RfY2F0ZWdvcmllcyUyMiUzRSUwQSUyMCUyMCUyMCUyMCUyMCUyMCUyMCUyMCUyMCUyMCUyMCUyMCUyMCUyMCUyMCUyMCUyMCUyMCUyMCUyMGluJTIwJTNDYSUyMGhyZWYlM0QlMjJodHRwcyUzQSUyRiUyRm1heGlzZWd1cm9zLnB0JTJGaW5kZXgucGhwJTJGY2F0ZWdvcnklMkZvdXItcHJvamVjdHMlMkYlMjIlMjByZWwlM0QlMjJjYXRlZ29yeSUyMHRhZyUyMiUzRU91ciUyMFByb2plY3RzJTNDJTJGYSUzRSUyMCUyMCUyMCUyMCUyMCUyMCUyMCUyMCUyMCUyMCUyMCUyMCUyMCUyMCUyMCUyMCUyMCUyMCUyMCUyMCUzQyUyRnNwYW4lM0UlMEElMjAlMjAlMjAlMjAlMjAlMjAlMjAlMjAlMjAlMjAlMjAlMjAlMjAlMjAlMjAlMjAlMjAlM0NhJTIwaHJlZiUzRCUyMmh0dHBzJTNBJTJGJTJGbWF4aXNlZ3Vyb3MucHQlMkZpbmRleC5waHAlMkZjb3RhY29lcyUyRiUyMiUyMGNsYXNzJTNEJTIycG9zdF9tZXRhX2l0ZW0lMjBwb3N0X2NvdW50ZXJzX2l0ZW0lMjBwb3N0X2NvdW50ZXJzX2NvbW1lbnRzJTIwdHJ4X2FkZG9uc19pY29uLWNvbW1lbnQlMjIlM0UlM0NzcGFuJTIwY2xhc3MlM0QlMjJwb3N0X2NvdW50ZXJzX251bWJlciUyMiUzRTAlM0MlMkZzcGFuJTNFJTNDc3BhbiUyMGNsYXNzJTNEJTIycG9zdF9jb3VudGVyc19sYWJlbCUyMiUzRUNvbW1lbnRzJTNDJTJGc3BhbiUzRSUzQyUyRmElM0UlMjAlM0MlMkZkaXYlM0UlM0MlMjEtLSUyMC5wb3N0X21ldGElMjAtLSUzRSUzQyUyRmRpdiUzRSUzQyUyMS0tJTIwLmVudHJ5LWhlYWRlciUyMC0tJTNFJTNDZGl2JTIwY2xhc3MlM0QlMjJzY19ibG9nZ2VyX2l0ZW1fZXhjZXJwdCUyMiUzRSUwQSUwOSUwOSUwOSUwOSUzQ2RpdiUyMGNsYXNzJTNEJTIyX2l0ZW1fZXhjZXJwdF90ZXh0JTIyJTNFJTBBJTA5JTA5JTA5JTA5JTA5JTNDcCUzRU9zJTIwc2VndXJvcyUyMGRlJTIwaGFiaXRhJUMzJUE3JUMzJUEzbyUyMHMlQzMlQTNvJTIwdW1hJTIwZ2FyYW50aWElMjBwYXJhJTIwc2klMjBlJTIwcGFyYSUyMGElMjBzdWElMjBmYW0lQzMlQURsaWEuJTIwQ2FkYSUyMHNlZ3VybyUyMCVDMyVBOSUyMGZsZXglQzMlQUR2ZWwlMjBlJTIwcGVyc29uYWxpeiVDMyVBMXZlbCUyQyUyMGNvbSUyMGRpdmVyc29zJTIwbSVDMyVCM2R1bG9zLiUyMFNvbGljaXRlJTIwaiVDMyVBMSUyMHVtYSUyMHNpbXVsYSVDMyVBNyVDMyVBM28uJTNDJTJGcCUzRSUwQSUwOSUwOSUwOSUwOSUzQyUyRmRpdiUzRSUwQSUwOSUwOSUwOSUwOSUzQ2RpdiUyMGNsYXNzJTNEJTIyc2NfYmxvZ2dlcl9pdGVtX2xpbmslMjBzY19pdGVtX2xpbmslMjIlM0UlM0NhJTIwaHJlZiUzRCUyMmh0dHBzJTNBJTJGJTJGbWF4aXNlZ3Vyb3MucHQlMkZpbmRleC5waHAlMkZjb3RhY29lcyUyRiUyMiUyMGNsYXNzJTNEJTIyc2NfYnV0dG9uX2xpbmslMjIlM0UlM0MlMkZhJTNFJTNDJTJGZGl2JTNFJTNDJTJGZGl2JTNFJTNDJTIxLS0lMjAuc2NfYmxvZ2dlcl9pdGVtX2V4Y2VycHQlMjAtLSUzRSUzQyUyRmRpdiUzRSUzQyUyMS0tJTIwLmVudHJ5LWNvbnRlbnQlMjAtLSUzRSUzQyUyRmRpdiUzRSUzQyUyMS0tJTIwLnNjX2Jsb2dnZXJfaXRlbSUyMC0tJTNFJTNDJTJGZGl2JTNFJTNDJTJGZGl2JTNFJTNDJTJGZGl2JTNFJTBBJTA5JTA5JTA5JTA5[\/vc_raw_html][\/vc_column][\/vc_row]<\/p>\n<\/section>","protected":false},"excerpt":{"rendered":"<p>[vc_row][vc_column][vc_column_text] Selecionamos um conjunto de links que poder\u00e3o ajudar-lhe a esclarecer certas situa\u00e7\u00f5es importantes, mantenha-se informado(a) e conhe\u00e7a os melhores procedimentos. N\u00e3o hesite, entre em contacto connosco,\u00a0para qualquer quest\u00e3o adicional. Na\u00a0Maxiseguros\u00a0tratamos dos seus assuntos como se fossem nossos. [\/vc_column_text][\/vc_column][\/vc_row][vc_row content_placement=&#8221;middle&#8221;][vc_column&hellip;<\/p>\n","protected":false},"author":1,"featured_media":0,"parent":0,"menu_order":0,"comment_status":"closed","ping_status":"closed","template":"","meta":{"footnotes":""},"_links":{"self":[{"href":"https:\/\/maxiseguros.pt\/index.php\/wp-json\/wp\/v2\/pages\/1485"}],"collection":[{"href":"https:\/\/maxiseguros.pt\/index.php\/wp-json\/wp\/v2\/pages"}],"about":[{"href":"https:\/\/maxiseguros.pt\/index.php\/wp-json\/wp\/v2\/types\/page"}],"author":[{"embeddable":true,"href":"https:\/\/maxiseguros.pt\/index.php\/wp-json\/wp\/v2\/users\/1"}],"replies":[{"embeddable":true,"href":"https:\/\/maxiseguros.pt\/index.php\/wp-json\/wp\/v2\/comments?post=1485"}],"version-history":[{"count":10,"href":"https:\/\/maxiseguros.pt\/index.php\/wp-json\/wp\/v2\/pages\/1485\/revisions"}],"predecessor-version":[{"id":2003,"href":"https:\/\/maxiseguros.pt\/index.php\/wp-json\/wp\/v2\/pages\/1485\/revisions\/2003"}],"wp:attachment":[{"href":"https:\/\/maxiseguros.pt\/index.php\/wp-json\/wp\/v2\/media?parent=1485"}],"curies":[{"name":"wp","href":"https:\/\/api.w.org\/{rel}","templated":true}]}}