{"id":1496,"date":"2019-11-13T12:12:09","date_gmt":"2019-11-13T12:12:09","guid":{"rendered":"https:\/\/maxiseguros.pt\/?page_id=1496"},"modified":"2023-07-20T06:24:47","modified_gmt":"2023-07-20T06:24:47","slug":"campanhas","status":"publish","type":"page","link":"https:\/\/maxiseguros.pt\/index.php\/campanhas\/","title":{"rendered":"Campanhas"},"content":{"rendered":"<section class=\"wpb-content-wrapper\"><p>[vc_row][vc_column][vc_empty_space height=&#8221;6.2857em&#8221; alter_height=&#8221;none&#8221; hide_on_mobile=&#8221;&#8221;][\/vc_column][\/vc_row][vc_row content_placement=&#8221;middle&#8221;][vc_column width=&#8221;1\/2&#8243;][vc_column_text]Na <strong>Maxiseguros<\/strong> encontrar\u00e1 a melhor rela\u00e7\u00e3o Qualidade\/Produtos\/Servi\u00e7os e Pre\u00e7o. <!--Nestes mais de 17 anos de actividade-->Desde 1992 que temos marcado a diferen\u00e7a com uma postura; profissional, rigorosa e atenta as necessidades do cliente, com solu\u00e7\u00f5es mais econ\u00f3micas. Temos in\u00fameras solu\u00e7\u00f5es criadas a pensar em si!<\/p>\n<p>Solicite mais <a href=\"https:\/\/maxiseguros.pt\/index.php\/contacts\/\">informa\u00e7\u00f5es<\/a> e surpreenda-se com as nossas ofertas.<\/p>\n<p>Ou solicite j\u00e1 uma <a href=\"https:\/\/maxiseguros.pt\/index.php\/cotacoes\/\">cota\u00e7\u00e3o<\/a> sem qualquer compromisso.<\/p>\n<p>Aproveite desde j\u00e1 as nossas campanhas especiais para poder desfrutar de descontos \u00e0 sua medida!<\/p>\n<p>A\u00a0<b>Maxiseguros<\/b>\u00a0uma\u00a0<b>media\u00e7\u00e3o de confian\u00e7a<\/b>\u00a0que coloca os seus assuntos em primeiro lugar.<\/p>\n<p>Consigo desde 1992![\/vc_column_text][\/vc_column][vc_column width=&#8221;1\/2&#8243;][vc_single_image image=&#8221;1556&#8243; img_size=&#8221;large&#8221; alignment=&#8221;center&#8221;][\/vc_column][\/vc_row][vc_row][vc_column][vc_empty_space height=&#8221;6.2857em&#8221; alter_height=&#8221;none&#8221; hide_on_mobile=&#8221;&#8221;][\/vc_column][\/vc_row][vc_row full_width=&#8221;stretch_row_content_no_spaces&#8221; equal_height=&#8221;yes&#8221; content_placement=&#8221;middle&#8221; css=&#8221;.vc_custom_1483534267704{background-color: #f5f6f7 !important;}&#8221;][vc_column css=&#8221;.vc_custom_1484649897260{background-image: url(https:\/\/maxiseguros.pt\/wp-content\/uploads\/2016\/09\/image-3.jpg?id=427) !important;background-position: center !important;background-repeat: no-repeat !important;background-size: cover !important;}&#8221; offset=&#8221;vc_col-lg-6 vc_col-md-12 vc_col-xs-12&#8243;][vc_empty_space height=&#8221;10em&#8221; alter_height=&#8221;none&#8221; hide_on_mobile=&#8221;&#8221;]<div class=\"sc_item_button sc_button_wrap sc_align_center\"><a href=\"#video\" id=\"sc_button_606263090\" class=\"sc_button sc_button_round sc_button_icon_left\"><span class=\"sc_button_icon\"><span class=\"icon-play\"><\/span><\/span><\/a><!-- \/.sc_button --><\/div><!-- \/.sc_item_button -->[vc_empty_space height=&#8221;10em&#8221; alter_height=&#8221;none&#8221; hide_on_mobile=&#8221;&#8221;][\/vc_column][vc_column css=&#8221;.vc_custom_1484649907665{padding-right: 8% !important;padding-left: 8% !important;}&#8221; offset=&#8221;vc_col-lg-6 vc_col-md-12 vc_col-xs-12&#8243;][vc_empty_space height=&#8221;3.3571em&#8221; alter_height=&#8221;none&#8221; hide_on_mobile=&#8221;&#8221;][vc_column_text]<\/p>\n<h2>Solu\u00e7\u00f5es Personalizadas<\/h2>\n<p>Temos ao seu dispor as mais variadas solu\u00e7\u00f5es de seguros, sempre ajustadas \u00e0 sua necessidade com os complementos que melhor o definem.[\/vc_column_text][vc_empty_space height=&#8221;3.0714em&#8221; alter_height=&#8221;none&#8221; hide_on_mobile=&#8221;&#8221;][vc_raw_html]JTNDZGl2JTIwY2xhc3MlM0QlMjJzY19zZXJ2aWNlcyUyMHNjX3NlcnZpY2VzX2xpZ2h0JTIyJTIwZGF0YS1zbGlkZXMtcGVyLXZpZXclM0QlMjIyJTIyJTIwZGF0YS1zbGlkZXMtbWluLXdpZHRoJTNEJTIyMjAwJTIyJTNFJTBBJTA5JTA5JTNDZGl2JTIwY2xhc3MlM0QlMjJzY19zZXJ2aWNlc19jb2x1bW5zJTIwc2NfaXRlbV9jb2x1bW5zJTIwc2NfaXRlbV9jb2x1bW5zXzIlMjB0cnhfYWRkb25zX2NvbHVtbnNfd3JhcCUyMGNvbHVtbnNfcGFkZGluZ19ib3R0b20lMjIlM0UlM0NkaXYlMjBjbGFzcyUzRCUyMnRyeF9hZGRvbnNfY29sdW1uLTFfMiUyMiUzRSUzQ2RpdiUyMGNsYXNzJTNEJTIyc2Nfc2VydmljZXNfaXRlbSUyMHdpdGhfY29udGVudCUyMHdpdGhfaWNvbiUyMHNjX3NlcnZpY2VzX2l0ZW1fZmVhdHVyZWRfbGVmdCUyMiUzRSUwQSUwOSUzQ2ElMjBocmVmJTNEJTIyaHR0cHMlM0ElMkYlMkZtYXhpc2VndXJvcy5wdCUyRmluZGV4LnBocCUyRmNvdGFjb2VzJTJGJTIyJTIwaWQlM0QlMjJzY19zZXJ2aWNlc180NjM2OTE2MjlfaWNvbi1zaWduJTIyJTIwY2xhc3MlM0QlMjJzY19zZXJ2aWNlc19pdGVtX2ljb24lMjBpY29uLXNpZ24lMjIlM0UlM0MlMkZhJTNFJTA5JTBBJTA5JTNDZGl2JTIwY2xhc3MlM0QlMjJzY19zZXJ2aWNlc19pdGVtX2luZm8lMjIlM0UlMEElMDklMDklM0NkaXYlMjBjbGFzcyUzRCUyMnNjX3NlcnZpY2VzX2l0ZW1faGVhZGVyJTIyJTNFJTBBJTA5JTA5JTA5JTA5JTA5JTA5JTNDaDQlMjBjbGFzcyUzRCUyMnNjX3NlcnZpY2VzX2l0ZW1fdGl0bGUlMjIlM0UlM0NhJTIwaHJlZiUzRCUyMmh0dHBzJTNBJTJGJTJGbWF4aXNlZ3Vyb3MucHQlMkZpbmRleC5waHAlMkZjb3RhY29lcyUyRiUyMiUzRVByb3RlYyVDMyVBNyVDMyVBM28lMjBHZXJhbCUzQyUyRmElM0UlM0MlMkZoNCUzRSUwQSUwQSUwOSUwOSUzQyUyRmRpdiUzRSUwQSUwOSUwOSUwOSUwOSUwOSUzQ2RpdiUyMGNsYXNzJTNEJTIyc2Nfc2VydmljZXNfaXRlbV9jb250ZW50JTIyJTNFJTNDcCUzRVRlbW9zJTIwYW8lMjBzZXUlMjBkaXNwb3IlMjBleGNlbGVudGVzJTIwb3AlQzMlQTclQzMlQjVlcyUyMHBhcmElMjBxdWUlMjBwb3NzYSUyMGVzdGFyJTIwc2VtcHJlJTIwZW0lMjBzZWd1cmFuJUMzJUE3YSUyMGVtJTIwcXVhbHF1ZXIlMjBzaXR1YSVDMyVBNyVDMyVBM28uJTNDJTJGcCUzRSUwQSUzQyUyRmRpdiUzRSUwQSUwOSUwOSUwOSUzQ2RpdiUyMGNsYXNzJTNEJTIyc2Nfc2VydmljZXNfaXRlbV9idXR0b24lMjBzY19pdGVtX2J1dHRvbiUyMiUzRSUzQ2ElMjBocmVmJTNEJTIyaHR0cHMlM0ElMkYlMkZtYXhpc2VndXJvcy5wdCUyRmluZGV4LnBocCUyRmNvdGFjb2VzJTJGJTIyJTIwY2xhc3MlM0QlMjJzY19idXR0b24lMjBzY19idXR0b25fc2ltcGxlJTIyJTNFTGVhcm4lMjBtb3JlJTNDJTJGYSUzRSUzQyUyRmRpdiUzRSUwQSUwOSUwOSUwOSUzQyUyRmRpdiUzRSUwQSUzQyUyRmRpdiUzRSUwQSUzQyUyRmRpdiUzRSUzQ2RpdiUyMGNsYXNzJTNEJTIydHJ4X2FkZG9uc19jb2x1bW4tMV8yJTIyJTNFJTNDZGl2JTIwY2xhc3MlM0QlMjJzY19zZXJ2aWNlc19pdGVtJTIwd2l0aF9jb250ZW50JTIwd2l0aF9pY29uJTIwc2Nfc2VydmljZXNfaXRlbV9mZWF0dXJlZF9sZWZ0JTIyJTNFJTBBJTA5JTNDYSUyMGhyZWYlM0QlMjJodHRwcyUzQSUyRiUyRm1heGlzZWd1cm9zLnB0JTJGaW5kZXgucGhwJTJGY290YWNvZXMlMkYlMjIlMjBpZCUzRCUyMnNjX3NlcnZpY2VzXzQ2MzY5MTYyOV9pY29uLWNvbnN0cnVjdGlvbiUyMiUyMGNsYXNzJTNEJTIyc2Nfc2VydmljZXNfaXRlbV9pY29uJTIwaWNvbi1jb25zdHJ1Y3Rpb24lMjIlM0UlM0MlMkZhJTNFJTA5JTBBJTA5JTNDZGl2JTIwY2xhc3MlM0QlMjJzY19zZXJ2aWNlc19pdGVtX2luZm8lMjIlM0UlMEElMDklMDklM0NkaXYlMjBjbGFzcyUzRCUyMnNjX3NlcnZpY2VzX2l0ZW1faGVhZGVyJTIyJTNFJTBBJTA5JTA5JTA5JTA5JTA5JTA5JTNDaDQlMjBjbGFzcyUzRCUyMnNjX3NlcnZpY2VzX2l0ZW1fdGl0bGUlMjIlM0UlM0NhJTIwaHJlZiUzRCUyMmh0dHBzJTNBJTJGJTJGbWF4aXNlZ3Vyb3MucHQlMkZpbmRleC5waHAlMkZjb3RhY29lcyUyRiUyMiUzRUhhYml0YSVDMyVBNyVDMyVBM28lM0MlMkZhJTNFJTNDJTJGaDQlM0UlMEElMEElMDklMDklM0MlMkZkaXYlM0UlMEElMDklMDklMDklMDklMDklM0NkaXYlMjBjbGFzcyUzRCUyMnNjX3NlcnZpY2VzX2l0ZW1fY29udGVudCUyMiUzRSUzQ3AlM0VTZWd1cm9zJTIwZmxleCVDMyVBRHZlaXMlMjBlJTIwcGVyc29uYWxpeiVDMyVBMXZlaXMlMkMlMjBpbmNsdWluZG8lMjB2JUMzJUExcmlvcyUyMG0lQzMlQjNkdWxvcyUyQyUyMGdhcmFudGlhcyUyMGUlMjBjb2JlcnR1cmFzJTIwZXNwZWMlQzMlQURmaWNhcyUzQyUyRnAlM0UlMEElM0MlMkZkaXYlM0UlMEElMDklMDklMDklM0NkaXYlMjBjbGFzcyUzRCUyMnNjX3NlcnZpY2VzX2l0ZW1fYnV0dG9uJTIwc2NfaXRlbV9idXR0b24lMjIlM0UlM0NhJTIwaHJlZiUzRCUyMmh0dHBzJTNBJTJGJTJGbWF4aXNlZ3Vyb3MucHQlMkZpbmRleC5waHAlMkZjb3RhY29lcyUyRiUyMiUyMGNsYXNzJTNEJTIyc2NfYnV0dG9uJTIwc2NfYnV0dG9uX3NpbXBsZSUyMiUzRUxlYXJuJTIwbW9yZSUzQyUyRmElM0UlM0MlMkZkaXYlM0UlMEElMDklMDklMDklM0MlMkZkaXYlM0UlMEElM0MlMkZkaXYlM0UlMEElM0MlMkZkaXYlM0UlM0NkaXYlMjBjbGFzcyUzRCUyMnRyeF9hZGRvbnNfY29sdW1uLTFfMiUyMiUzRSUzQ2RpdiUyMGNsYXNzJTNEJTIyc2Nfc2VydmljZXNfaXRlbSUyMHdpdGhfY29udGVudCUyMHdpdGhfaWNvbiUyMHNjX3NlcnZpY2VzX2l0ZW1fZmVhdHVyZWRfbGVmdCUyMiUzRSUwQSUwOSUzQ2ElMjBocmVmJTNEJTIyaHR0cHMlM0ElMkYlMkZtYXhpc2VndXJvcy5wdCUyRmluZGV4LnBocCUyRmNvdGFjb2VzJTJGJTIyJTIwaWQlM0QlMjJzY19zZXJ2aWNlc180NjM2OTE2MjlfaWNvbi1oZWFydGJlYXQlMjIlMjBjbGFzcyUzRCUyMnNjX3NlcnZpY2VzX2l0ZW1faWNvbiUyMGljb24taGVhcnRiZWF0JTIyJTNFJTNDJTJGYSUzRSUwOSUwQSUwOSUzQ2RpdiUyMGNsYXNzJTNEJTIyc2Nfc2VydmljZXNfaXRlbV9pbmZvJTIyJTNFJTBBJTA5JTA5JTNDZGl2JTIwY2xhc3MlM0QlMjJzY19zZXJ2aWNlc19pdGVtX2hlYWRlciUyMiUzRSUwQSUwOSUwOSUwOSUwOSUwOSUwOSUzQ2g0JTIwY2xhc3MlM0QlMjJzY19zZXJ2aWNlc19pdGVtX3RpdGxlJTIyJTNFJTNDYSUyMGhyZWYlM0QlMjJodHRwcyUzQSUyRiUyRm1heGlzZWd1cm9zLnB0JTJGaW5kZXgucGhwJTJGY290YWNvZXMlMkYlMjIlM0VTYSVDMyVCQWRlJTNDJTJGYSUzRSUzQyUyRmg0JTNFJTBBJTBBJTA5JTA5JTNDJTJGZGl2JTNFJTBBJTA5JTA5JTA5JTA5JTA5JTNDZGl2JTIwY2xhc3MlM0QlMjJzY19zZXJ2aWNlc19pdGVtX2NvbnRlbnQlMjIlM0UlM0NwJTNFJUMzJTg5JTIwdW1hJTIwbWFpcy12YWxpYSUyMGVucXVhbnRvJTIwY29tcGxlbWVudG8lMjBhb3MlMjBzZXJ2aSVDMyVBN29zJTIwbSVDMyVBOWRpY29zJTIwcHJlc3RhZG9zJTIwcGVsbyUyMHNlcnZpJUMzJUE3byUyMHAlQzMlQkFibGljby4lM0MlMkZwJTNFJTBBJTNDJTJGZGl2JTNFJTBBJTA5JTA5JTA5JTNDZGl2JTIwY2xhc3MlM0QlMjJzY19zZXJ2aWNlc19pdGVtX2J1dHRvbiUyMHNjX2l0ZW1fYnV0dG9uJTIyJTNFJTNDYSUyMGhyZWYlM0QlMjJodHRwcyUzQSUyRiUyRm1heGlzZWd1cm9zLnB0JTJGaW5kZXgucGhwJTJGY290YWNvZXMlMkYlMjIlMjBjbGFzcyUzRCUyMnNjX2J1dHRvbiUyMHNjX2J1dHRvbl9zaW1wbGUlMjIlM0VMZWFybiUyMG1vcmUlM0MlMkZhJTNFJTNDJTJGZGl2JTNFJTBBJTA5JTA5JTA5JTNDJTJGZGl2JTNFJTBBJTNDJTJGZGl2JTNFJTBBJTNDJTJGZGl2JTNFJTNDZGl2JTIwY2xhc3MlM0QlMjJ0cnhfYWRkb25zX2NvbHVtbi0xXzIlMjIlM0UlM0NkaXYlMjBjbGFzcyUzRCUyMnNjX3NlcnZpY2VzX2l0ZW0lMjB3aXRoX2NvbnRlbnQlMjB3aXRoX2ljb24lMjBzY19zZXJ2aWNlc19pdGVtX2ZlYXR1cmVkX2xlZnQlMjIlM0UlMEElMDklM0NhJTIwaHJlZiUzRCUyMmh0dHBzJTNBJTJGJTJGbWF4aXNlZ3Vyb3MucHQlMkZpbmRleC5waHAlMkZjb3RhY29lcyUyRiUyMiUyMGlkJTNEJTIyc2Nfc2VydmljZXNfNDYzNjkxNjI5X2ljb24tYmFnZ2FnZSUyMiUyMGNsYXNzJTNEJTIyc2Nfc2VydmljZXNfaXRlbV9pY29uJTIwaWNvbi1iYWdnYWdlJTIyJTNFJTNDJTJGYSUzRSUwOSUwQSUwOSUzQ2RpdiUyMGNsYXNzJTNEJTIyc2Nfc2VydmljZXNfaXRlbV9pbmZvJTIyJTNFJTBBJTA5JTA5JTNDZGl2JTIwY2xhc3MlM0QlMjJzY19zZXJ2aWNlc19pdGVtX2hlYWRlciUyMiUzRSUwQSUwOSUwOSUwOSUwOSUwOSUwOSUzQ2g0JTIwY2xhc3MlM0QlMjJzY19zZXJ2aWNlc19pdGVtX3RpdGxlJTIyJTNFJTNDYSUyMGhyZWYlM0QlMjJodHRwcyUzQSUyRiUyRm1heGlzZWd1cm9zLnB0JTJGaW5kZXgucGhwJTJGY290YWNvZXMlMkYlMjIlM0VQZXNzb2FsJTNDJTJGYSUzRSUzQyUyRmg0JTNFJTBBJTBBJTA5JTA5JTNDJTJGZGl2JTNFJTBBJTA5JTA5JTA5JTA5JTA5JTNDZGl2JTIwY2xhc3MlM0QlMjJzY19zZXJ2aWNlc19pdGVtX2NvbnRlbnQlMjIlM0UlM0NwJTNFJUMzJTg5JTIwaW1wb3J0YW50ZSUyMGVzdGFyJTIwcHJlcGFyYWRvJTIwcGFyYSUyMGFzJTIwaW1wcmV2aXNpYmlsaWRhZGVzJTIwZGElMjB2aWRhJTJDJTIwYXNzaW0lMjBlc3QlQzMlQTElMjBzZW1wcmUlMjBzZWd1cm8uJTNDJTJGcCUzRSUwQSUzQyUyRmRpdiUzRSUwQSUwOSUwOSUwOSUzQ2RpdiUyMGNsYXNzJTNEJTIyc2Nfc2VydmljZXNfaXRlbV9idXR0b24lMjBzY19pdGVtX2J1dHRvbiUyMiUzRSUzQ2ElMjBocmVmJTNEJTIyaHR0cHMlM0ElMkYlMkZtYXhpc2VndXJvcy5wdCUyRmluZGV4LnBocCUyRmNvdGFjb2VzJTJGJTIyJTIwY2xhc3MlM0QlMjJzY19idXR0b24lMjBzY19idXR0b25fc2ltcGxlJTIyJTNFTGVhcm4lMjBtb3JlJTNDJTJGYSUzRSUzQyUyRmRpdiUzRSUwQSUwOSUwOSUwOSUzQyUyRmRpdiUzRSUwQSUzQyUyRmRpdiUzRSUwQSUzQyUyRmRpdiUzRSUzQyUyRmRpdiUzRSUzQyUyRmRpdiUzRQ==[\/vc_raw_html][\/vc_column][\/vc_row][vc_row full_width=&#8221;stretch_row_content_no_spaces&#8221;][vc_column]<div  id=\"sc_action_226467436\" \n\tclass=\"overlay_color_light sc_action sc_action_default\" data-slides-min-width=&quot;250&quot;\t><div class=\"sc_action_content sc_item_content\"><div class=\"sc_action_item sc_action_item_default with_image sc_action_fixed_height sc_action_item_mc\" style=\"background-image:url(https:\/\/maxiseguros.pt\/wp-content\/uploads\/2016\/10\/bg-1-1170x658.jpg);height:519px;overflow:hidden;\">\n\t\t\t\t\t\t\t<div class=\"sc_action_item_mask\"><\/div>\n\t\t\t\t<div class=\"sc_action_item_inner\">\n\t\t\t\t<h6 class=\"sc_action_item_subtitle\"><span>Na Maxiseguros encontra a solu\u00e7\u00e3o integral de acordo com as suas necessidades<\/span><\/h6><h3 class=\"sc_action_item_title\"><span>Entre em contacto, e comprove!<\/span><\/h3><a href=\"https:\/\/maxiseguros.pt\/index.php\/contacts\/\" class=\"sc_action_item_link\">CONTACTOS<\/a><\/div><!-- \/.sc_action_item_inner --><\/div><\/div><\/div><!-- \/.sc_action -->[\/vc_column][\/vc_row][vc_row css_animation=&#8221;slideInUp&#8221;][vc_column][vc_empty_space height=&#8221;6.5714em&#8221; alter_height=&#8221;none&#8221; hide_on_mobile=&#8221;&#8221;][vc_raw_html]JTNDZGl2JTIwY2xhc3MlM0QlMjJzY19ibG9nZ2VyJTIwc2NfYmxvZ2dlcl9jbGFzc2ljJTIyJTIwZGF0YS1zbGlkZXMtcGVyLXZpZXclM0QlMjIzJTIyJTIwZGF0YS1zbGlkZXMtbWluLXdpZHRoJTNEJTIyMTUwJTIyJTNFJTBBJTA5JTA5JTNDaDIlMjBjbGFzcyUzRCUyMnNjX2l0ZW1fdGl0bGUlMjBzY19ibG9nZ2VyX3RpdGxlJTIwc2NfYWxpZ25fY2VudGVyJTIwc2NfaXRlbV90aXRsZV9zdHlsZV9kZWZhdWx0JTIyJTNFRW0lMjBEZXN0YXF1ZSUzQyUyRmgyJTNFJTNDZGl2JTIwY2xhc3MlM0QlMjJzY19pdGVtX2Rlc2NyJTIwc2NfYmxvZ2dlcl9kZXNjciUyMHNjX2FsaWduX2NlbnRlciUyMiUzRUFzJTIwbWFpcyUyMHJlY2VudGVzJTIwbm92aWRhZGVzJTJDJTIwcGFyYSUyMHF1ZSUyMG51bmNhJTIwcGVyY2ElMjBhJTIwb3BvcnR1bmlkYWRlJTIwZGUlMjBjb250aW51YXIlMjBhJTIwcG91cGFyJTJDJTIwc2VtJTIwcGVyZGVyJTIwYSUyMHNlZ3VyYW4lQzMlQTdhJTIwbSVDMyVBMXhpbWElMjBkbyUyMHNldSUyMHNlZ3VybyUyMSUzQyUyRmRpdiUzRSUzQ2RpdiUyMGNsYXNzJTNEJTIyc2NfYmxvZ2dlcl9jb2x1bW5zJTIwc2NfaXRlbV9jb2x1bW5zJTIwdHJ4X2FkZG9uc19jb2x1bW5zX3dyYXAlMjBjb2x1bW5zX3BhZGRpbmdfYm90dG9tJTIyJTNFJTNDZGl2JTIwY2xhc3MlM0QlMjJ0cnhfYWRkb25zX2NvbHVtbi0xXzMlMjIlM0UlM0NkaXYlMjBpZCUzRCUyMnBvc3QtMTk0JTIyJTIwY2xhc3MlM0QlMjJzY19ibG9nZ2VyX2l0ZW0lMjBwb3N0X2Zvcm1hdF9zdGFuZGFyZCUyMHBvc3QtMTk0JTIwcG9zdCUyMHR5cGUtcG9zdCUyMHN0YXR1cy1wdWJsaXNoJTIwZm9ybWF0LXN0YW5kYXJkJTIwaGFzLXBvc3QtdGh1bWJuYWlsJTIwaGVudHJ5JTIwY2F0ZWdvcnktb3VyLXByb2plY3RzJTIwdGFnLWZpbmFuY2UlMjB0YWctdHJhdmVsJTIyJTNFJTNDZGl2JTIwY2xhc3MlM0QlMjJwb3N0X2ZlYXR1cmVkJTIwd2l0aF90aHVtYiUyMGhvdmVyX2RvdHMlMjBzY19ibG9nZ2VyX2l0ZW1fZmVhdHVyZWQlMjIlM0UlM0NpbWclMjB3aWR0aCUzRCUyMjM3MCUyMiUyMGhlaWdodCUzRCUyMjI3MCUyMiUyMHNyYyUzRCUyMmh0dHBzJTNBJTJGJTJGbWF4aXNlZ3Vyb3MucHQlMkZ3cC1jb250ZW50JTJGdXBsb2FkcyUyRjIwMTYlMkYwOSUyRmltYWdlLTMtMzcweDI3MC5qcGclMjIlMjBjbGFzcyUzRCUyMmF0dGFjaG1lbnQtaW5zdWdyb3VwLXRodW1iLW1lZCUyMHNpemUtaW5zdWdyb3VwLXRodW1iLW1lZCUyMHdwLXBvc3QtaW1hZ2UlMjIlMjBhbHQlM0QlMjJTZWd1cm8lMjBkZSUyMFNhJUMzJUJBZGUlMjIlM0UlM0NkaXYlMjBjbGFzcyUzRCUyMm1hc2slMjIlM0UlM0MlMkZkaXYlM0UlM0NhJTIwaHJlZiUzRCUyMmh0dHBzJTNBJTJGJTJGbWF4aXNlZ3Vyb3MucHQlMkZpbmRleC5waHAlMkZjb3RhY29lcyUyRiUyMiUyMGFyaWEtaGlkZGVuJTNEJTIydHJ1ZSUyMiUyMGNsYXNzJTNEJTIyaWNvbnMlMjIlM0UlM0NzcGFuJTNFJTNDJTJGc3BhbiUzRSUzQ3NwYW4lM0UlM0MlMkZzcGFuJTNFJTNDc3BhbiUzRSUzQyUyRnNwYW4lM0UlM0MlMkZhJTNFJTNDJTJGZGl2JTNFJTNDZGl2JTIwY2xhc3MlM0QlMjJzY19ibG9nZ2VyX2l0ZW1fY29udGVudCUyMGVudHJ5LWNvbnRlbnQlMjIlM0UlM0NkaXYlMjBjbGFzcyUzRCUyMnNjX2Jsb2dnZXJfaXRlbV9oZWFkZXIlMjBlbnRyeS1oZWFkZXIlMjIlM0UlM0NoNCUyMGNsYXNzJTNEJTIyc2NfYmxvZ2dlcl9pdGVtX3RpdGxlJTIwZW50cnktdGl0bGUlMjIlM0UlM0NhJTIwaHJlZiUzRCUyMmh0dHBzJTNBJTJGJTJGbWF4aXNlZ3Vyb3MucHQlMkZpbmRleC5waHAlMkZjb3RhY29lcyUyRiUyMiUyMHJlbCUzRCUyMmJvb2ttYXJrJTIyJTNFU2VndXJvJTIwZGUlMjBTYSVDMyVCQWRlJTNDJTJGYSUzRSUzQyUyRmg0JTNFJTNDZGl2JTIwY2xhc3MlM0QlMjJwb3N0X21ldGElMjIlM0UlMDklMDklMDklMDklMDklM0NzcGFuJTIwY2xhc3MlM0QlMjJwb3N0X21ldGFfaXRlbSUyMHBvc3RfZGF0ZSUyMiUzRU1haW8lMjAyOSUyQyUyMDIwMTYlM0MlMkZzcGFuJTNFJTBBJTA5JTA5JTA5JTA5JTA5JTIwJTIwJTIwJTIwJTIwJTIwJTIwJTIwJTIwJTIwJTIwJTIwJTIwJTIwJTIwJTIwJTIwJTIwJTIwJTIwJTNDc3BhbiUyMGNsYXNzJTNEJTIycG9zdF9tZXRhX2l0ZW0lMjBwb3N0X2NhdGVnb3JpZXMlMjIlM0UlMEElMjAlMjAlMjAlMjAlMjAlMjAlMjAlMjAlMjAlMjAlMjAlMjAlMjAlMjAlMjAlMjAlMjAlMjAlMjAlMjBpbiUyMCUzQ2ElMjBocmVmJTNEJTIyaHR0cHMlM0ElMkYlMkZtYXhpc2VndXJvcy5wdCUyRmluZGV4LnBocCUyRmNhdGVnb3J5JTJGb3VyLXByb2plY3RzJTJGJTIyJTIwcmVsJTNEJTIyY2F0ZWdvcnklMjB0YWclMjIlM0VPdXIlMjBQcm9qZWN0cyUzQyUyRmElM0UlMjAlMjAlMjAlMjAlMjAlMjAlMjAlMjAlMjAlMjAlMjAlMjAlMjAlMjAlMjAlMjAlMjAlMjAlMjAlMjAlM0MlMkZzcGFuJTNFJTBBJTIwJTIwJTIwJTIwJTIwJTIwJTIwJTIwJTIwJTIwJTIwJTIwJTIwJTIwJTIwJTIwJTIwJTNDYSUyMGhyZWYlM0QlMjJodHRwcyUzQSUyRiUyRm1heGlzZWd1cm9zLnB0JTJGaW5kZXgucGhwJTJGY290YWNvZXMlMkYlMjIlMjBjbGFzcyUzRCUyMnBvc3RfbWV0YV9pdGVtJTIwcG9zdF9jb3VudGVyc19pdGVtJTIwcG9zdF9jb3VudGVyc19jb21tZW50cyUyMHRyeF9hZGRvbnNfaWNvbi1jb21tZW50JTIyJTNFJTNDc3BhbiUyMGNsYXNzJTNEJTIycG9zdF9jb3VudGVyc19udW1iZXIlMjIlM0UwJTNDJTJGc3BhbiUzRSUzQ3NwYW4lMjBjbGFzcyUzRCUyMnBvc3RfY291bnRlcnNfbGFiZWwlMjIlM0VDb21tZW50cyUzQyUyRnNwYW4lM0UlM0MlMkZhJTNFJTIwJTNDJTJGZGl2JTNFJTNDJTIxLS0lMjAucG9zdF9tZXRhJTIwLS0lM0UlM0MlMkZkaXYlM0UlM0MlMjEtLSUyMC5lbnRyeS1oZWFkZXIlMjAtLSUzRSUzQ2RpdiUyMGNsYXNzJTNEJTIyc2NfYmxvZ2dlcl9pdGVtX2V4Y2VycHQlMjIlM0UlMEElMDklMDklMDklMDklM0NkaXYlMjBjbGFzcyUzRCUyMl9pdGVtX2V4Y2VycHRfdGV4dCUyMiUzRSUwQSUwOSUwOSUwOSUwOSUwOSUzQ3AlM0VDb25oZSVDMyVBN2ElMjBhcyUyMG5vdmlkYWRlcyUyMGVtJTIwb2ZlcnRhcyUyMGRlJTIwc2VndXJvcyUyMGRlJTIwc2ElQzMlQkFkZSUyQyUyMGFsZ3VucyUyMGVzcGVjaWFsbWVudGUlMjBkZXNlbmhhZG9zJTIwcGFyYSUyMGElMjBtZWxob3IlMjBmYXNlJTIwZGElMjBzdWElMjB2aWRhJTJDJTIwc2VndXJvcyUyMHMlQzMlQTluaW9yZXMuJTIwU29saWNpdGUlMjBqJUMzJUExJTIwdW1hJTIwc2ltdWxhJUMzJUE3JUMzJUEzbyUzQyUyRnAlM0UlMEElMDklMDklMDklMDklM0MlMkZkaXYlM0UlMEElMDklMDklMDklMDklM0NkaXYlMjBjbGFzcyUzRCUyMnNjX2Jsb2dnZXJfaXRlbV9saW5rJTIwc2NfaXRlbV9saW5rJTIyJTNFJTNDYSUyMGhyZWYlM0QlMjJodHRwcyUzQSUyRiUyRm1heGlzZWd1cm9zLnB0JTJGaW5kZXgucGhwJTJGY290YWNvZXMlMkYlMjIlMjBjbGFzcyUzRCUyMnNjX2J1dHRvbl9saW5rJTIyJTNFJTNDJTJGYSUzRSUzQyUyRmRpdiUzRSUzQyUyRmRpdiUzRSUzQyUyMS0tJTIwLnNjX2Jsb2dnZXJfaXRlbV9leGNlcnB0JTIwLS0lM0UlM0MlMkZkaXYlM0UlM0MlMjEtLSUyMC5lbnRyeS1jb250ZW50JTIwLS0lM0UlM0MlMkZkaXYlM0UlM0MlMjEtLSUyMC5zY19ibG9nZ2VyX2l0ZW0lMjAtLSUzRSUzQyUyRmRpdiUzRSUzQ2RpdiUyMGNsYXNzJTNEJTIydHJ4X2FkZG9uc19jb2x1bW4tMV8zJTIyJTNFJTNDZGl2JTIwaWQlM0QlMjJwb3N0LTE5NSUyMiUyMGNsYXNzJTNEJTIyc2NfYmxvZ2dlcl9pdGVtJTIwcG9zdF9mb3JtYXRfc3RhbmRhcmQlMjBwb3N0LTE5NSUyMHBvc3QlMjB0eXBlLXBvc3QlMjBzdGF0dXMtcHVibGlzaCUyMGZvcm1hdC1zdGFuZGFyZCUyMGhhcy1wb3N0LXRodW1ibmFpbCUyMGhlbnRyeSUyMGNhdGVnb3J5LW91ci1wcm9qZWN0cyUyMHRhZy1maW5hbmNlJTIwdGFnLXRyYXZlbCUyMiUzRSUzQ2RpdiUyMGNsYXNzJTNEJTIycG9zdF9mZWF0dXJlZCUyMHdpdGhfdGh1bWIlMjBob3Zlcl9kb3RzJTIwc2NfYmxvZ2dlcl9pdGVtX2ZlYXR1cmVkJTIyJTNFJTNDaW1nJTIwd2lkdGglM0QlMjIzNzAlMjIlMjBoZWlnaHQlM0QlMjIyNzAlMjIlMjBzcmMlM0QlMjJodHRwcyUzQSUyRiUyRm1heGlzZWd1cm9zLnB0JTJGd3AtY29udGVudCUyRnVwbG9hZHMlMkYyMDE2JTJGMDUlMkZpbWFnZS05LTM3MHgyNzAuanBnJTIyJTIwY2xhc3MlM0QlMjJhdHRhY2htZW50LWluc3Vncm91cC10aHVtYi1tZWQlMjBzaXplLWluc3Vncm91cC10aHVtYi1tZWQlMjB3cC1wb3N0LWltYWdlJTIyJTIwYWx0JTNEJTIyU2VndXJvJTIwZGUlMjBWaWRhJTIyJTNFJTNDZGl2JTIwY2xhc3MlM0QlMjJtYXNrJTIyJTNFJTNDJTJGZGl2JTNFJTNDYSUyMGhyZWYlM0QlMjJodHRwcyUzQSUyRiUyRm1heGlzZWd1cm9zLnB0JTJGaW5kZXgucGhwJTJGY290YWNvZXMlMkYlMjIlMjBhcmlhLWhpZGRlbiUzRCUyMnRydWUlMjIlMjBjbGFzcyUzRCUyMmljb25zJTIyJTNFJTNDc3BhbiUzRSUzQyUyRnNwYW4lM0UlM0NzcGFuJTNFJTNDJTJGc3BhbiUzRSUzQ3NwYW4lM0UlM0MlMkZzcGFuJTNFJTNDJTJGYSUzRSUzQyUyRmRpdiUzRSUzQ2RpdiUyMGNsYXNzJTNEJTIyc2NfYmxvZ2dlcl9pdGVtX2NvbnRlbnQlMjBlbnRyeS1jb250ZW50JTIyJTNFJTNDZGl2JTIwY2xhc3MlM0QlMjJzY19ibG9nZ2VyX2l0ZW1faGVhZGVyJTIwZW50cnktaGVhZGVyJTIyJTNFJTNDaDQlMjBjbGFzcyUzRCUyMnNjX2Jsb2dnZXJfaXRlbV90aXRsZSUyMGVudHJ5LXRpdGxlJTIyJTNFJTNDYSUyMGhyZWYlM0QlMjJodHRwcyUzQSUyRiUyRm1heGlzZWd1cm9zLnB0JTJGaW5kZXgucGhwJTJGY290YWNvZXMlMkYlMjIlMjByZWwlM0QlMjJib29rbWFyayUyMiUzRVNlZ3VybyUyMGRlJTIwVmlkYSUzQyUyRmElM0UlM0MlMkZoNCUzRSUzQ2RpdiUyMGNsYXNzJTNEJTIycG9zdF9tZXRhJTIyJTNFJTA5JTA5JTA5JTA5JTA5JTNDc3BhbiUyMGNsYXNzJTNEJTIycG9zdF9tZXRhX2l0ZW0lMjBwb3N0X2RhdGUlMjIlM0VNYWlvJTIwMjklMkMlMjAyMDE2JTNDJTJGc3BhbiUzRSUwQSUwOSUwOSUwOSUwOSUwOSUyMCUyMCUyMCUyMCUyMCUyMCUyMCUyMCUyMCUyMCUyMCUyMCUyMCUyMCUyMCUyMCUyMCUyMCUyMCUyMCUzQ3NwYW4lMjBjbGFzcyUzRCUyMnBvc3RfbWV0YV9pdGVtJTIwcG9zdF9jYXRlZ29yaWVzJTIyJTNFJTBBJTIwJTIwJTIwJTIwJTIwJTIwJTIwJTIwJTIwJTIwJTIwJTIwJTIwJTIwJTIwJTIwJTIwJTIwJTIwJTIwaW4lMjAlM0NhJTIwaHJlZiUzRCUyMmh0dHBzJTNBJTJGJTJGbWF4aXNlZ3Vyb3MucHQlMkZpbmRleC5waHAlMkZjYXRlZ29yeSUyRm91ci1wcm9qZWN0cyUyRiUyMiUyMHJlbCUzRCUyMmNhdGVnb3J5JTIwdGFnJTIyJTNFT3VyJTIwUHJvamVjdHMlM0MlMkZhJTNFJTIwJTIwJTIwJTIwJTIwJTIwJTIwJTIwJTIwJTIwJTIwJTIwJTIwJTIwJTIwJTIwJTIwJTIwJTIwJTIwJTNDJTJGc3BhbiUzRSUwQSUyMCUyMCUyMCUyMCUyMCUyMCUyMCUyMCUyMCUyMCUyMCUyMCUyMCUyMCUyMCUyMCUyMCUzQ2ElMjBocmVmJTNEJTIyaHR0cHMlM0ElMkYlMkZtYXhpc2VndXJvcy5wdCUyRmluZGV4LnBocCUyRmNvdGFjb2VzJTJGJTIyJTIwY2xhc3MlM0QlMjJwb3N0X21ldGFfaXRlbSUyMHBvc3RfY291bnRlcnNfaXRlbSUyMHBvc3RfY291bnRlcnNfY29tbWVudHMlMjB0cnhfYWRkb25zX2ljb24tY29tbWVudCUyMiUzRSUzQ3NwYW4lMjBjbGFzcyUzRCUyMnBvc3RfY291bnRlcnNfbnVtYmVyJTIyJTNFMCUzQyUyRnNwYW4lM0UlM0NzcGFuJTIwY2xhc3MlM0QlMjJwb3N0X2NvdW50ZXJzX2xhYmVsJTIyJTNFQ29tbWVudHMlM0MlMkZzcGFuJTNFJTNDJTJGYSUzRSUyMCUzQyUyRmRpdiUzRSUzQyUyMS0tJTIwLnBvc3RfbWV0YSUyMC0tJTNFJTNDJTJGZGl2JTNFJTNDJTIxLS0lMjAuZW50cnktaGVhZGVyJTIwLS0lM0UlM0NkaXYlMjBjbGFzcyUzRCUyMnNjX2Jsb2dnZXJfaXRlbV9leGNlcnB0JTIyJTNFJTBBJTA5JTA5JTA5JTA5JTNDZGl2JTIwY2xhc3MlM0QlMjJfaXRlbV9leGNlcnB0X3RleHQlMjIlM0UlMEElMDklMDklMDklMDklMDklM0NwJTNFQ29uaGUlQzMlQTdhJTIwYXMlMjBub3ZpZGFkZXMlMjBlbSUyMHNlZ3Vyb3MlMjBkZSUyMHZpZGEuJTIwJUMzJTg5JTIwaW1wb3J0YW50ZSUyMGVzdGFyJTIwcHJlcGFyYWRvJTIwcGFyYSUyMGFzJTIwaW1wcmV2aXNpYmlsaWRhZGVzJTIwZGElMjB2aWRhJTJDJTIwY29uaGUlQzMlQTdhJTIwYXMlMjBub3NzYXMlMjBwcm9wb3N0YXMuJTIwU29saWNpdGUlMjBqJUMzJUExJTIwdW1hJTIwc2ltdWxhJUMzJUE3JUMzJUEzby4lM0MlMkZwJTNFJTBBJTA5JTA5JTA5JTA5JTNDJTJGZGl2JTNFJTBBJTA5JTA5JTA5JTA5JTNDZGl2JTIwY2xhc3MlM0QlMjJzY19ibG9nZ2VyX2l0ZW1fbGluayUyMHNjX2l0ZW1fbGluayUyMiUzRSUzQ2ElMjBocmVmJTNEJTIyaHR0cHMlM0ElMkYlMkZtYXhpc2VndXJvcy5wdCUyRmluZGV4LnBocCUyRmNvdGFjb2VzJTJGJTIyJTIwY2xhc3MlM0QlMjJzY19idXR0b25fbGluayUyMiUzRSUzQyUyRmElM0UlM0MlMkZkaXYlM0UlM0MlMkZkaXYlM0UlM0MlMjEtLSUyMC5zY19ibG9nZ2VyX2l0ZW1fZXhjZXJwdCUyMC0tJTNFJTNDJTJGZGl2JTNFJTNDJTIxLS0lMjAuZW50cnktY29udGVudCUyMC0tJTNFJTNDJTJGZGl2JTNFJTNDJTIxLS0lMjAuc2NfYmxvZ2dlcl9pdGVtJTIwLS0lM0UlM0MlMkZkaXYlM0UlM0NkaXYlMjBjbGFzcyUzRCUyMnRyeF9hZGRvbnNfY29sdW1uLTFfMyUyMiUzRSUzQ2RpdiUyMGlkJTNEJTIycG9zdC0xOTYlMjIlMjBjbGFzcyUzRCUyMnNjX2Jsb2dnZXJfaXRlbSUyMHBvc3RfZm9ybWF0X3N0YW5kYXJkJTIwcG9zdC0xOTYlMjBwb3N0JTIwdHlwZS1wb3N0JTIwc3RhdHVzLXB1Ymxpc2glMjBmb3JtYXQtc3RhbmRhcmQlMjBoYXMtcG9zdC10aHVtYm5haWwlMjBoZW50cnklMjBjYXRlZ29yeS1vdXItcHJvamVjdHMlMjB0YWctZmluYW5jZSUyMHRhZy10cmF2ZWwlMjIlM0UlM0NkaXYlMjBjbGFzcyUzRCUyMnBvc3RfZmVhdHVyZWQlMjB3aXRoX3RodW1iJTIwaG92ZXJfZG90cyUyMHNjX2Jsb2dnZXJfaXRlbV9mZWF0dXJlZCUyMiUzRSUzQ2ltZyUyMHdpZHRoJTNEJTIyMzcwJTIyJTIwaGVpZ2h0JTNEJTIyMjcwJTIyJTIwc3JjJTNEJTIyaHR0cHMlM0ElMkYlMkZtYXhpc2VndXJvcy5wdCUyRndwLWNvbnRlbnQlMkZ1cGxvYWRzJTJGMjAxNiUyRjA1JTJGaW1hZ2UtMTAtMzcweDI3MC5qcGclMjIlMjBjbGFzcyUzRCUyMmF0dGFjaG1lbnQtaW5zdWdyb3VwLXRodW1iLW1lZCUyMHNpemUtaW5zdWdyb3VwLXRodW1iLW1lZCUyMHdwLXBvc3QtaW1hZ2UlMjIlMjBhbHQlM0QlMjJIYWJpdGElQzMlQTclQzMlQTNvJTIyJTNFJTNDZGl2JTIwY2xhc3MlM0QlMjJtYXNrJTIyJTNFJTNDJTJGZGl2JTNFJTNDYSUyMGhyZWYlM0QlMjJodHRwcyUzQSUyRiUyRm1heGlzZWd1cm9zLnB0JTJGaW5kZXgucGhwJTJGY290YWNvZXMlMkYlMjIlMjBhcmlhLWhpZGRlbiUzRCUyMnRydWUlMjIlMjBjbGFzcyUzRCUyMmljb25zJTIyJTNFJTNDc3BhbiUzRSUzQyUyRnNwYW4lM0UlM0NzcGFuJTNFJTNDJTJGc3BhbiUzRSUzQ3NwYW4lM0UlM0MlMkZzcGFuJTNFJTNDJTJGYSUzRSUzQyUyRmRpdiUzRSUzQ2RpdiUyMGNsYXNzJTNEJTIyc2NfYmxvZ2dlcl9pdGVtX2NvbnRlbnQlMjBlbnRyeS1jb250ZW50JTIyJTNFJTNDZGl2JTIwY2xhc3MlM0QlMjJzY19ibG9nZ2VyX2l0ZW1faGVhZGVyJTIwZW50cnktaGVhZGVyJTIyJTNFJTNDaDQlMjBjbGFzcyUzRCUyMnNjX2Jsb2dnZXJfaXRlbV90aXRsZSUyMGVudHJ5LXRpdGxlJTIyJTNFJTNDYSUyMGhyZWYlM0QlMjJodHRwcyUzQSUyRiUyRm1heGlzZWd1cm9zLnB0JTJGaW5kZXgucGhwJTJGY290YWNvZXMlMkYlMjIlMjByZWwlM0QlMjJib29rbWFyayUyMiUzRUhhYml0YSVDMyVBNyVDMyVBM28lM0MlMkZhJTNFJTNDJTJGaDQlM0UlM0NkaXYlMjBjbGFzcyUzRCUyMnBvc3RfbWV0YSUyMiUzRSUwOSUwOSUwOSUwOSUwOSUzQ3NwYW4lMjBjbGFzcyUzRCUyMnBvc3RfbWV0YV9pdGVtJTIwcG9zdF9kYXRlJTIyJTNFTWFpbyUyMDI5JTJDJTIwMjAxNiUzQyUyRnNwYW4lM0UlMEElMDklMDklMDklMDklMDklMjAlMjAlMjAlMjAlMjAlMjAlMjAlMjAlMjAlMjAlMjAlMjAlMjAlMjAlMjAlMjAlMjAlMjAlMjAlMjAlM0NzcGFuJTIwY2xhc3MlM0QlMjJwb3N0X21ldGFfaXRlbSUyMHBvc3RfY2F0ZWdvcmllcyUyMiUzRSUwQSUyMCUyMCUyMCUyMCUyMCUyMCUyMCUyMCUyMCUyMCUyMCUyMCUyMCUyMCUyMCUyMCUyMCUyMCUyMCUyMGluJTIwJTNDYSUyMGhyZWYlM0QlMjJodHRwcyUzQSUyRiUyRm1heGlzZWd1cm9zLnB0JTJGaW5kZXgucGhwJTJGY2F0ZWdvcnklMkZvdXItcHJvamVjdHMlMkYlMjIlMjByZWwlM0QlMjJjYXRlZ29yeSUyMHRhZyUyMiUzRU91ciUyMFByb2plY3RzJTNDJTJGYSUzRSUyMCUyMCUyMCUyMCUyMCUyMCUyMCUyMCUyMCUyMCUyMCUyMCUyMCUyMCUyMCUyMCUyMCUyMCUyMCUyMCUzQyUyRnNwYW4lM0UlMEElMjAlMjAlMjAlMjAlMjAlMjAlMjAlMjAlMjAlMjAlMjAlMjAlMjAlMjAlMjAlMjAlMjAlM0NhJTIwaHJlZiUzRCUyMmh0dHBzJTNBJTJGJTJGbWF4aXNlZ3Vyb3MucHQlMkZpbmRleC5waHAlMkZjb3RhY29lcyUyRiUyMiUyMGNsYXNzJTNEJTIycG9zdF9tZXRhX2l0ZW0lMjBwb3N0X2NvdW50ZXJzX2l0ZW0lMjBwb3N0X2NvdW50ZXJzX2NvbW1lbnRzJTIwdHJ4X2FkZG9uc19pY29uLWNvbW1lbnQlMjIlM0UlM0NzcGFuJTIwY2xhc3MlM0QlMjJwb3N0X2NvdW50ZXJzX251bWJlciUyMiUzRTAlM0MlMkZzcGFuJTNFJTNDc3BhbiUyMGNsYXNzJTNEJTIycG9zdF9jb3VudGVyc19sYWJlbCUyMiUzRUNvbW1lbnRzJTNDJTJGc3BhbiUzRSUzQyUyRmElM0UlMjAlM0MlMkZkaXYlM0UlM0MlMjEtLSUyMC5wb3N0X21ldGElMjAtLSUzRSUzQyUyRmRpdiUzRSUzQyUyMS0tJTIwLmVudHJ5LWhlYWRlciUyMC0tJTNFJTNDZGl2JTIwY2xhc3MlM0QlMjJzY19ibG9nZ2VyX2l0ZW1fZXhjZXJwdCUyMiUzRSUwQSUwOSUwOSUwOSUwOSUzQ2RpdiUyMGNsYXNzJTNEJTIyX2l0ZW1fZXhjZXJwdF90ZXh0JTIyJTNFJTBBJTA5JTA5JTA5JTA5JTA5JTNDcCUzRU9zJTIwc2VndXJvcyUyMGRlJTIwaGFiaXRhJUMzJUE3JUMzJUEzbyUyMHMlQzMlQTNvJTIwdW1hJTIwZ2FyYW50aWElMjBwYXJhJTIwc2klMjBlJTIwcGFyYSUyMGElMjBzdWElMjBmYW0lQzMlQURsaWEuJTIwQ2FkYSUyMHNlZ3VybyUyMCVDMyVBOSUyMGZsZXglQzMlQUR2ZWwlMjBlJTIwcGVyc29uYWxpeiVDMyVBMXZlbCUyQyUyMGNvbSUyMGRpdmVyc29zJTIwbSVDMyVCM2R1bG9zLiUyMFNvbGljaXRlJTIwaiVDMyVBMSUyMHVtYSUyMHNpbXVsYSVDMyVBNyVDMyVBM28uJTNDJTJGcCUzRSUwQSUwOSUwOSUwOSUwOSUzQyUyRmRpdiUzRSUwQSUwOSUwOSUwOSUwOSUzQ2RpdiUyMGNsYXNzJTNEJTIyc2NfYmxvZ2dlcl9pdGVtX2xpbmslMjBzY19pdGVtX2xpbmslMjIlM0UlM0NhJTIwaHJlZiUzRCUyMmh0dHBzJTNBJTJGJTJGbWF4aXNlZ3Vyb3MucHQlMkZpbmRleC5waHAlMkZjb3RhY29lcyUyRiUyMiUyMGNsYXNzJTNEJTIyc2NfYnV0dG9uX2xpbmslMjIlM0UlM0MlMkZhJTNFJTNDJTJGZGl2JTNFJTNDJTJGZGl2JTNFJTNDJTIxLS0lMjAuc2NfYmxvZ2dlcl9pdGVtX2V4Y2VycHQlMjAtLSUzRSUzQyUyRmRpdiUzRSUzQyUyMS0tJTIwLmVudHJ5LWNvbnRlbnQlMjAtLSUzRSUzQyUyRmRpdiUzRSUzQyUyMS0tJTIwLnNjX2Jsb2dnZXJfaXRlbSUyMC0tJTNFJTNDJTJGZGl2JTNFJTNDJTJGZGl2JTNFJTNDJTJGZGl2JTNFJTBBJTA5JTA5JTA5JTA5[\/vc_raw_html][\/vc_column][\/vc_row][vc_row][vc_column][vc_empty_space height=&#8221;2em&#8221; alter_height=&#8221;none&#8221; hide_on_mobile=&#8221;&#8221;][\/vc_column][\/vc_row]<\/p>\n<\/section>","protected":false},"excerpt":{"rendered":"<p>[vc_row][vc_column][vc_empty_space height=&#8221;6.2857em&#8221; alter_height=&#8221;none&#8221; hide_on_mobile=&#8221;&#8221;][\/vc_column][\/vc_row][vc_row content_placement=&#8221;middle&#8221;][vc_column width=&#8221;1\/2&#8243;][vc_column_text]Na Maxiseguros encontrar\u00e1 a melhor rela\u00e7\u00e3o Qualidade\/Produtos\/Servi\u00e7os e Pre\u00e7o. Desde 1992 que temos marcado a diferen\u00e7a com uma postura; profissional, rigorosa e atenta as necessidades do cliente, com solu\u00e7\u00f5es mais econ\u00f3micas. Temos in\u00fameras solu\u00e7\u00f5es criadas&hellip;<\/p>\n","protected":false},"author":1,"featured_media":0,"parent":0,"menu_order":0,"comment_status":"closed","ping_status":"closed","template":"","meta":{"footnotes":""},"_links":{"self":[{"href":"https:\/\/maxiseguros.pt\/index.php\/wp-json\/wp\/v2\/pages\/1496"}],"collection":[{"href":"https:\/\/maxiseguros.pt\/index.php\/wp-json\/wp\/v2\/pages"}],"about":[{"href":"https:\/\/maxiseguros.pt\/index.php\/wp-json\/wp\/v2\/types\/page"}],"author":[{"embeddable":true,"href":"https:\/\/maxiseguros.pt\/index.php\/wp-json\/wp\/v2\/users\/1"}],"replies":[{"embeddable":true,"href":"https:\/\/maxiseguros.pt\/index.php\/wp-json\/wp\/v2\/comments?post=1496"}],"version-history":[{"count":17,"href":"https:\/\/maxiseguros.pt\/index.php\/wp-json\/wp\/v2\/pages\/1496\/revisions"}],"predecessor-version":[{"id":2000,"href":"https:\/\/maxiseguros.pt\/index.php\/wp-json\/wp\/v2\/pages\/1496\/revisions\/2000"}],"wp:attachment":[{"href":"https:\/\/maxiseguros.pt\/index.php\/wp-json\/wp\/v2\/media?parent=1496"}],"curies":[{"name":"wp","href":"https:\/\/api.w.org\/{rel}","templated":true}]}}